{"id":9509,"date":"2022-04-13T06:46:16","date_gmt":"2022-04-13T06:46:16","guid":{"rendered":"https:\/\/www.grupozaragoza.com\/politica-de-privacidad\/"},"modified":"2022-04-13T06:58:28","modified_gmt":"2022-04-13T06:58:28","slug":"politica-sulla-privacy","status":"publish","type":"page","link":"https:\/\/www.grupozaragoza.com\/it\/politica-sulla-privacy\/","title":{"rendered":"POLITICA SULLA PRIVACY"},"content":{"rendered":"<div class=\"wpb-content-wrapper\"><p>[vc_row css_animation=&#8221;&#8221; row_type=&#8221;row&#8221; use_row_as_full_screen_section=&#8221;no&#8221; type=&#8221;full_width&#8221; angled_section=&#8221;no&#8221; text_align=&#8221;left&#8221; background_image_as_pattern=&#8221;without_pattern&#8221;][vc_column][vc_column_text]<strong>POLITICA SULLA PRIVACY<\/strong><\/p>\n<ol>\n<li><strong>INFORMAZIONI<\/strong><strong> PER L\u2019UTENTE<\/strong><\/li>\n<\/ol>\n<p><strong>Chi \u00e8 il responsabile del trattamento dei tuoi dati personali?<\/strong><\/p>\n<p>ZARAGOZ\u00c1 MEDIENERCO,S.L.U \u00e8 il RESPONSABILE del trattamento dei dati personali dell\u2019UTENTE e lo informa che questi dati saranno trattati in conformit\u00e0 con quanto disposto nel Regolamento UE 2016\/679 del 27 aprile 3\/2018 (GDPR), e la Ley Org\u00e1nica 3\/2018 del 5 dicembre (LOPDGDD).<\/p>\n<p><strong>Perch\u00e9 trattiamo i tuoi dati personali?<\/strong><\/p>\n<p>Per mantenere una relazione commerciale con l\u2019utente. Le operazioni previste sono:<\/p>\n<ul>\n<li>Invio di comunicazioni pubblicitarie commerciali per e-mail, fax, SMS, MMS, reti sociali o qualunque altra modalit\u00e0 elettronica o fisica, presente o futura, che dia la possibilit\u00e0 di realizzare comunicazioni commerciali. Queste comunicazioni saranno realizzate dall\u2019entit\u00e0 RESPONSABILE e saranno relazionate ai suoi prodotti o servizi, o a quelli dei suoi collaboratori o fornitori, con i quali avr\u00e0 realizzato un qualche accordo promozionale. In tal caso, le terze parti non avranno mai accesso ai dati personali.<\/li>\n<li>Realizzare studi di mercato e analisi statistiche.<\/li>\n<li>Elaborare ordini, richieste, rispondere a consulte o a qualunque tipo di domanda realizzata dall\u2019UTENTE mediante una qualsiasi delle forme di contatto a sua disposizione sulla pagina web dell\u2019entit\u00e0 RESPONSABILE.<\/li>\n<li>Inviare la newsletter in cui si parla delle nostre novit\u00e0, offerte e promozioni.<\/li>\n<\/ul>\n<p><strong>Per quale motivo possiamo trattare i tuoi dati personali?<\/strong><\/p>\n<p>Perch\u00e9 il trattamento \u00e8 consentito dall\u2019articolo 6 del GDPR nella forma seguente:<\/p>\n<ul>\n<li>Con il consenso dell\u2019UTENTE: invio di comunicazioni commerciali e della newsletter.<\/li>\n<li>Per interesse legittimo dell\u2019entit\u00e0 RESPONSABILE: realizzare studi di mercato, analisi statistiche, ecc., ed elaborare ordini, richieste, ecc. su richiesta dell\u2019UTENTE.<\/li>\n<\/ul>\n<p><strong>Per quanto tempo conserveremo i tuoi dati personali?<\/strong><\/p>\n<p>Non saranno conservati pi\u00f9 del tempo necessario per mantenere lo scopo del trattamento, oppure per il periodo di tempo stabilito dalle normative vigenti, qualora esistano, e quando i dati personali non saranno pi\u00f9 necessari a tale scopo, saranno eliminati con le adeguate misure di sicurezza per garantirne l\u2019anonimato la loro distruzione totale.<\/p>\n<p><strong>A chi trasmettiamo i tuoi dati personali?<\/strong><\/p>\n<p>Non \u00e8 prevista nessuna trasmissione di dati personali a terzi, tranne, qualora fosse necessario per lo sviluppo e l\u2019esecuzione dei trattamenti previsti, che ai nostri fornitori di servizi di comunicazione, con i quali l\u2019entit\u00e0 RESPONSABILE ha sottoscritto contratti di confidenzialit\u00e0 e di responsabilit\u00e0 di trattamento richiesti dalla normativa vigente sulla privacy.<\/p>\n<p><strong>Quali sono i tuoi diritti?<\/strong><\/p>\n<p>I diritti di cui gode l\u2019UTENTE sono:<\/p>\n<ul>\n<li>Diritto a revocare il consenso in qualunque momento.<\/li>\n<li>Diritto all\u2019accesso, rettifica, portabilit\u00e0 e soppressione dei propri dati, e di limitazione od opposizione al loro trattamento.<\/li>\n<li>Diritto a presentare un reclamo all\u2019Autorit\u00e0 di controllo (<a href=\"http:\/\/www.aepd.es\">aepd.es<\/a>) qualora consideri che il trattamento non rispetti la normativa vigente.<\/li>\n<\/ul>\n<p><strong>Dati di contatto per esercitare i suoi diritti:<\/strong><\/p>\n<p>ZARAGOZ\u00c1 MEDIENERCO,S.L.U. C\/ CRONISTA CARRERES, 11 3\u00b0 A &#8211; 46003 VAL\u00c8NCIA (Val\u00e8ncia). E-mail: <a href=\"mailto:info@grupozaragoza.com\">info@grupozaragoza.com<\/a><\/p>\n<ol start=\"2\">\n<li><strong>CARATTERE OBBLIGATORIO O FACOLTATIVO DELLE INFORMAZIONI FORNITE DALL\u2019UTENTE<\/strong><\/li>\n<\/ol>\n<p>Gli UTENTI, mediante la spunta delle caselle corrispondenti e l\u2019immissione di dati nei campi obbligatori contrassegnati da un asterisco (*) nel modulo di contatto, o presentati nei moduli di scaricamento, accettano espressamente, liberamente e inequivocabilmente che i loro dati siano necessari per rispondere alle loro richieste da parte del fornitore, restando non obbligatorio l\u2019inserimento dei dati negli altri campi. L\u2019UTENTE garantisce che i dati personali comunicati all\u2019entit\u00e0 RESPONSABILE siano veritieri e si impegna a comunicare qualunque variazione di tali dati.<\/p>\n<p>L\u2019entit\u00e0 RESPONSABILE informa che tutti i dati richiesti mediante il sito web sono obbligatori, in quanto necessari per fornire un servizio ottimale all\u2019UTENTE. Nel caso in cui non siano forniti tutti i dati, non si garantisce che le informazioni e i servizi offerti siano completamente rispondenti alle sue necessit\u00e0.<\/p>\n<ol start=\"3\">\n<li><strong>MISURE DI SICUREZZA<\/strong><\/li>\n<\/ol>\n<p>In conformit\u00e0 a quanto disposto nelle normative vigenti sulla protezione dei dati personali, l\u2019entit\u00e0 RESPONSABILE sta ottemperando a tutte le disposizioni delle normative GDPR e LOPDGDD per il trattamento dei dati personali di cui \u00e8 responsabile, e in maniera manifesta con i principi descritti nell\u2019articolo 5 del GDPR, per i quali i dati sono trattati in maniera lecita, leale e trasparente relativamente all\u2019interessato, e in maniera adeguata, pertinente e limitata al necessario, relativamente agli scopi per i quali sono trattati.<\/p>\n<p>L\u2019entit\u00e0 RESPONSABILE garantisce che ha implementato politiche tecniche e organizzative appropriate per applicare le misure di sicurezza stabilite dal GDPR e dal LOPDGDD al fine di proteggere i diritti e le libert\u00e0 degli UTENTI, e ha fornito loro le informazioni necessarie per poterli esercitare.<\/p>\n<p>Per ulteriori informazioni riguardo le garanzie di privacy, puoi rivolgerti all\u2019entit\u00e0 RESPONSABILE, attraverso ZARAGOZ\u00c1 MEDIENERCO,S.L.U. C\/ CRONISTA CARRERES, 11 3\u00b0 A &#8211; 46003 VAL\u00c8NCIA (Val\u00e8ncia). E-mail: <a href=\"mailto:info@grupozaragoza.com\">info@grupozaragoza.com<\/a>[\/vc_column_text][\/vc_column][\/vc_row]<\/p>\n<\/div>","protected":false},"excerpt":{"rendered":"<p>[vc_row css_animation=&#8221;&#8221; row_type=&#8221;row&#8221; use_row_as_full_screen_section=&#8221;no&#8221; type=&#8221;full_width&#8221; angled_section=&#8221;no&#8221; text_align=&#8221;left&#8221; background_image_as_pattern=&#8221;without_pattern&#8221;][vc_column][vc_column_text]POLITICA SULLA PRIVACY INFORMAZIONI PER L\u2019UTENTE Chi \u00e8 il responsabile del trattamento dei tuoi dati personali? ZARAGOZ\u00c1 MEDIENERCO,S.L.U \u00e8 il RESPONSABILE del trattamento dei dati personali dell\u2019UTENTE e lo informa che questi dati saranno trattati in conformit\u00e0 con&#8230;<\/p>\n","protected":false},"author":4,"featured_media":0,"parent":0,"menu_order":0,"comment_status":"closed","ping_status":"closed","template":"","meta":{"_acf_changed":false,"footnotes":""},"class_list":["post-9509","page","type-page","status-publish","hentry"],"acf":[],"yoast_head":"<!-- This site is optimized with the Yoast SEO plugin v26.8 - https:\/\/yoast.com\/product\/yoast-seo-wordpress\/ -->\n<title>POLITICA SULLA PRIVACY - Grupo Zaragoz\u00e1<\/title>\n<meta name=\"robots\" content=\"index, follow, max-snippet:-1, max-image-preview:large, max-video-preview:-1\" \/>\n<link rel=\"canonical\" href=\"https:\/\/www.grupozaragoza.com\/it\/politica-sulla-privacy\/\" \/>\n<meta property=\"og:locale\" content=\"it_IT\" \/>\n<meta property=\"og:type\" content=\"article\" \/>\n<meta property=\"og:title\" content=\"POLITICA SULLA PRIVACY - Grupo Zaragoz\u00e1\" \/>\n<meta property=\"og:description\" content=\"[vc_row css_animation=&#8221;&#8221; row_type=&#8221;row&#8221; use_row_as_full_screen_section=&#8221;no&#8221; type=&#8221;full_width&#8221; angled_section=&#8221;no&#8221; text_align=&#8221;left&#8221; background_image_as_pattern=&#8221;without_pattern&#8221;][vc_column][vc_column_text]POLITICA SULLA PRIVACY INFORMAZIONI PER L\u2019UTENTE Chi \u00e8 il responsabile del trattamento dei tuoi dati personali? ZARAGOZ\u00c1 MEDIENERCO,S.L.U \u00e8 il RESPONSABILE del trattamento dei dati personali dell\u2019UTENTE e lo informa che questi dati saranno trattati in conformit\u00e0 con...\" \/>\n<meta property=\"og:url\" content=\"https:\/\/www.grupozaragoza.com\/it\/politica-sulla-privacy\/\" \/>\n<meta property=\"og:site_name\" content=\"Grupo Zaragoz\u00e1\" \/>\n<meta property=\"article:modified_time\" content=\"2022-04-13T06:58:28+00:00\" \/>\n<meta name=\"twitter:card\" content=\"summary_large_image\" \/>\n<meta name=\"twitter:label1\" content=\"Tempo di lettura stimato\" \/>\n\t<meta name=\"twitter:data1\" content=\"4 minuti\" \/>\n<script type=\"application\/ld+json\" class=\"yoast-schema-graph\">{\"@context\":\"https:\/\/schema.org\",\"@graph\":[{\"@type\":\"WebPage\",\"@id\":\"https:\/\/www.grupozaragoza.com\/it\/politica-sulla-privacy\/\",\"url\":\"https:\/\/www.grupozaragoza.com\/it\/politica-sulla-privacy\/\",\"name\":\"POLITICA SULLA PRIVACY - Grupo Zaragoz\u00e1\",\"isPartOf\":{\"@id\":\"https:\/\/www.grupozaragoza.com\/#website\"},\"datePublished\":\"2022-04-13T06:46:16+00:00\",\"dateModified\":\"2022-04-13T06:58:28+00:00\",\"breadcrumb\":{\"@id\":\"https:\/\/www.grupozaragoza.com\/it\/politica-sulla-privacy\/#breadcrumb\"},\"inLanguage\":\"it-IT\",\"potentialAction\":[{\"@type\":\"ReadAction\",\"target\":[\"https:\/\/www.grupozaragoza.com\/it\/politica-sulla-privacy\/\"]}]},{\"@type\":\"BreadcrumbList\",\"@id\":\"https:\/\/www.grupozaragoza.com\/it\/politica-sulla-privacy\/#breadcrumb\",\"itemListElement\":[{\"@type\":\"ListItem\",\"position\":1,\"name\":\"Portada\",\"item\":\"https:\/\/www.grupozaragoza.com\/it\/\"},{\"@type\":\"ListItem\",\"position\":2,\"name\":\"POLITICA SULLA PRIVACY\"}]},{\"@type\":\"WebSite\",\"@id\":\"https:\/\/www.grupozaragoza.com\/#website\",\"url\":\"https:\/\/www.grupozaragoza.com\/\",\"name\":\"Grupo Zaragoz\u00e1\",\"description\":\"Grupo Zaragoz\u00e1 desarrolla, construye (EPC) y mantiene (O&amp;M) Plantas Fotovoltaicas\",\"publisher\":{\"@id\":\"https:\/\/www.grupozaragoza.com\/#organization\"},\"potentialAction\":[{\"@type\":\"SearchAction\",\"target\":{\"@type\":\"EntryPoint\",\"urlTemplate\":\"https:\/\/www.grupozaragoza.com\/?s={search_term_string}\"},\"query-input\":{\"@type\":\"PropertyValueSpecification\",\"valueRequired\":true,\"valueName\":\"search_term_string\"}}],\"inLanguage\":\"it-IT\"},{\"@type\":\"Organization\",\"@id\":\"https:\/\/www.grupozaragoza.com\/#organization\",\"name\":\"Grupo Zaragoz\u00e1\",\"url\":\"https:\/\/www.grupozaragoza.com\/\",\"logo\":{\"@type\":\"ImageObject\",\"inLanguage\":\"it-IT\",\"@id\":\"https:\/\/www.grupozaragoza.com\/#\/schema\/logo\/image\/\",\"url\":\"https:\/\/www.grupozaragoza.com\/wp-content\/uploads\/2017\/08\/logo_zaragoza.png\",\"contentUrl\":\"https:\/\/www.grupozaragoza.com\/wp-content\/uploads\/2017\/08\/logo_zaragoza.png\",\"width\":676,\"height\":180,\"caption\":\"Grupo Zaragoz\u00e1\"},\"image\":{\"@id\":\"https:\/\/www.grupozaragoza.com\/#\/schema\/logo\/image\/\"},\"sameAs\":[\"https:\/\/www.linkedin.com\/company\/grupozaragoza\/\",\"https:\/\/www.instagram.com\/grupozaragoza_com\/\"]}]}<\/script>\n<!-- \/ Yoast SEO plugin. -->","yoast_head_json":{"title":"POLITICA SULLA PRIVACY - Grupo Zaragoz\u00e1","robots":{"index":"index","follow":"follow","max-snippet":"max-snippet:-1","max-image-preview":"max-image-preview:large","max-video-preview":"max-video-preview:-1"},"canonical":"https:\/\/www.grupozaragoza.com\/it\/politica-sulla-privacy\/","og_locale":"it_IT","og_type":"article","og_title":"POLITICA SULLA PRIVACY - Grupo Zaragoz\u00e1","og_description":"[vc_row css_animation=&#8221;&#8221; row_type=&#8221;row&#8221; use_row_as_full_screen_section=&#8221;no&#8221; type=&#8221;full_width&#8221; angled_section=&#8221;no&#8221; text_align=&#8221;left&#8221; background_image_as_pattern=&#8221;without_pattern&#8221;][vc_column][vc_column_text]POLITICA SULLA PRIVACY INFORMAZIONI PER L\u2019UTENTE Chi \u00e8 il responsabile del trattamento dei tuoi dati personali? ZARAGOZ\u00c1 MEDIENERCO,S.L.U \u00e8 il RESPONSABILE del trattamento dei dati personali dell\u2019UTENTE e lo informa che questi dati saranno trattati in conformit\u00e0 con...","og_url":"https:\/\/www.grupozaragoza.com\/it\/politica-sulla-privacy\/","og_site_name":"Grupo Zaragoz\u00e1","article_modified_time":"2022-04-13T06:58:28+00:00","twitter_card":"summary_large_image","twitter_misc":{"Tempo di lettura stimato":"4 minuti"},"schema":{"@context":"https:\/\/schema.org","@graph":[{"@type":"WebPage","@id":"https:\/\/www.grupozaragoza.com\/it\/politica-sulla-privacy\/","url":"https:\/\/www.grupozaragoza.com\/it\/politica-sulla-privacy\/","name":"POLITICA SULLA PRIVACY - Grupo Zaragoz\u00e1","isPartOf":{"@id":"https:\/\/www.grupozaragoza.com\/#website"},"datePublished":"2022-04-13T06:46:16+00:00","dateModified":"2022-04-13T06:58:28+00:00","breadcrumb":{"@id":"https:\/\/www.grupozaragoza.com\/it\/politica-sulla-privacy\/#breadcrumb"},"inLanguage":"it-IT","potentialAction":[{"@type":"ReadAction","target":["https:\/\/www.grupozaragoza.com\/it\/politica-sulla-privacy\/"]}]},{"@type":"BreadcrumbList","@id":"https:\/\/www.grupozaragoza.com\/it\/politica-sulla-privacy\/#breadcrumb","itemListElement":[{"@type":"ListItem","position":1,"name":"Portada","item":"https:\/\/www.grupozaragoza.com\/it\/"},{"@type":"ListItem","position":2,"name":"POLITICA SULLA PRIVACY"}]},{"@type":"WebSite","@id":"https:\/\/www.grupozaragoza.com\/#website","url":"https:\/\/www.grupozaragoza.com\/","name":"Grupo Zaragoz\u00e1","description":"Grupo Zaragoz\u00e1 desarrolla, construye (EPC) y mantiene (O&amp;M) Plantas Fotovoltaicas","publisher":{"@id":"https:\/\/www.grupozaragoza.com\/#organization"},"potentialAction":[{"@type":"SearchAction","target":{"@type":"EntryPoint","urlTemplate":"https:\/\/www.grupozaragoza.com\/?s={search_term_string}"},"query-input":{"@type":"PropertyValueSpecification","valueRequired":true,"valueName":"search_term_string"}}],"inLanguage":"it-IT"},{"@type":"Organization","@id":"https:\/\/www.grupozaragoza.com\/#organization","name":"Grupo Zaragoz\u00e1","url":"https:\/\/www.grupozaragoza.com\/","logo":{"@type":"ImageObject","inLanguage":"it-IT","@id":"https:\/\/www.grupozaragoza.com\/#\/schema\/logo\/image\/","url":"https:\/\/www.grupozaragoza.com\/wp-content\/uploads\/2017\/08\/logo_zaragoza.png","contentUrl":"https:\/\/www.grupozaragoza.com\/wp-content\/uploads\/2017\/08\/logo_zaragoza.png","width":676,"height":180,"caption":"Grupo Zaragoz\u00e1"},"image":{"@id":"https:\/\/www.grupozaragoza.com\/#\/schema\/logo\/image\/"},"sameAs":["https:\/\/www.linkedin.com\/company\/grupozaragoza\/","https:\/\/www.instagram.com\/grupozaragoza_com\/"]}]}},"_links":{"self":[{"href":"https:\/\/www.grupozaragoza.com\/it\/wp-json\/wp\/v2\/pages\/9509","targetHints":{"allow":["GET"]}}],"collection":[{"href":"https:\/\/www.grupozaragoza.com\/it\/wp-json\/wp\/v2\/pages"}],"about":[{"href":"https:\/\/www.grupozaragoza.com\/it\/wp-json\/wp\/v2\/types\/page"}],"author":[{"embeddable":true,"href":"https:\/\/www.grupozaragoza.com\/it\/wp-json\/wp\/v2\/users\/4"}],"replies":[{"embeddable":true,"href":"https:\/\/www.grupozaragoza.com\/it\/wp-json\/wp\/v2\/comments?post=9509"}],"version-history":[{"count":3,"href":"https:\/\/www.grupozaragoza.com\/it\/wp-json\/wp\/v2\/pages\/9509\/revisions"}],"predecessor-version":[{"id":9519,"href":"https:\/\/www.grupozaragoza.com\/it\/wp-json\/wp\/v2\/pages\/9509\/revisions\/9519"}],"wp:attachment":[{"href":"https:\/\/www.grupozaragoza.com\/it\/wp-json\/wp\/v2\/media?parent=9509"}],"curies":[{"name":"wp","href":"https:\/\/api.w.org\/{rel}","templated":true}]}}