{"id":9361,"date":"2021-08-19T08:19:58","date_gmt":"2021-08-19T08:19:58","guid":{"rendered":"https:\/\/www.grupozaragoza.com\/?page_id=9361"},"modified":"2021-08-23T07:39:42","modified_gmt":"2021-08-23T07:39:42","slug":"politique-anti-corruption","status":"publish","type":"page","link":"https:\/\/www.grupozaragoza.com\/fr\/politique-anti-corruption\/","title":{"rendered":"POLITIQUE ANTI-CORRUPTION"},"content":{"rendered":"<h2>ENGERGURE ET OBJECTIF<\/h2>\n<p>Zaragoza Medienerco S.L.U. (ci-apr\u00e8s \u00ab\u00a0Medienerco\u00a0\u00bb ou \u00ab\u00a0l&rsquo;Organisation\u00a0\u00bb) et ses entreprises int\u00e9gr\u00e9es et filiales (ci-apr\u00e8s le \u00ab Groupe Zaragoza\u00a0\u00bb) s&rsquo;engagent \u00e0 mener leurs activit\u00e9s avec int\u00e9grit\u00e9. Cela implique d&rsquo;\u00e9viter toute forme de corruption et de se conformer \u00e0 toutes les lois et r\u00e9glementations applicables en mati\u00e8re de lutte contre la corruption (ci-apr\u00e8s d\u00e9nomm\u00e9es \u00ab\u00a0r\u00e9glementations anti-corruption\u00a0\u00bb), ainsi qu&rsquo;aux recommandations d&rsquo;organismes internationaux tels que l&rsquo;OCDE et les Nations unies. Cet engagement est d\u00fbment refl\u00e9t\u00e9 dans notre Code d&rsquo;\u00e9thique.<\/p>\n<blockquote><p><span style=\"color: #ff0000;\"><strong>Le GROUPE ZARAGOZA rejette tout\u00a0type de corruption, soit\u00a0directe ou indirecte,\u00a0priv\u00e9e ou publique.<\/strong><\/span><\/p><\/blockquote>\n<p>Aux fins de la pr\u00e9sente politique anti-corruption, il faut partir du principe que ce R\u00e8glement anti-corruption s&rsquo;applique \u00e0 tous les collaborateurs, sans exception, et \u00e0 chaque partie collaborant avec le GROUPE ZARAGOZA dans ses activit\u00e9s professionnelles et commerciales (clients, fournisseurs, sous-traitants, partenaires, travailleurs, etc.) o\u00f9 qu&rsquo;ils se trouvent dans le monde, ainsi qu&rsquo;\u00e0 toutes les entreprises qui composent le GROUPE ZARAGOZA.<\/p>\n<p>Cette politique de lutte contre la corruption refl\u00e8te la position de tol\u00e9rance z\u00e9ro de l&rsquo;organisation \u00e0 l&rsquo;\u00e9gard de toute forme de corruption ou de comportement ill\u00e9gal dans l&rsquo;environnement professionnel. Tous les collaborateurs (internes et externes) du GROUPE ZARAGOZA, y compris le comit\u00e9 de direction et le PDG, sont tenus de se conformer pleinement aux dispositions du pr\u00e9sent document et du r\u00e8glement anti-corruption.<\/p>\n<p>La compr\u00e9hension et le respect de cette politique anti-corruption et des r\u00e9glementations associ\u00e9es sont une condition essentielle au maintien d&rsquo;une relation de travail\/commerciale avec le GROUPE ZARAGOZA, et en aucun cas des manquements \u00e0 cette politique ne pourront \u00eatre tol\u00e9r\u00e9s. Toute infraction fera l&rsquo;objet d&rsquo;une enqu\u00eate et pourra donner lieu \u00e0 des mesures juridiques et disciplinaires.<\/p>\n<h2>COMPORTEMENTS INTERDITS<\/h2>\n<p>L&rsquo;organisation interdit strictement :<\/p>\n<h3>Offrir ou accepter des pots-de-vin \u00e0 ou de la part d&rsquo;agents publics ou de particuliers.<\/h3>\n<p>Le GROUPE ZARAGOZA agira dans tous les cas de mani\u00e8re professionnelle, honn\u00eate, transparente et impartiale, en utilisant des crit\u00e8res objectifs pour la passation de march\u00e9s de produits et de services, ainsi que pour la r\u00e9alisation ou l&rsquo;obtention de projets de travail. En aucun cas, elle ne fournira ou n&rsquo;acceptera des avantages \u00e9conomiques ou tout autre type d&rsquo;avantages qui conditionnent la relation commerciale libre, transparente et honn\u00eate. Cela signifie qu\u2019il ne paiera pas de pots-de-vin et n\u2019en acceptera pas. Il est interdit au personnel du GROUPE ZARAGOZA de donner ou d&rsquo;offrir des pots-de-vin ou tout autre type de r\u00e9mun\u00e9ration ou de contrepartie similaire, partout dans le monde, \u00e0 toute personne ou entit\u00e9 publique ou priv\u00e9e (client, ou client potentiel, fonctionnaire, parti politique, candidat \u00e0 un poste politique ou tout interm\u00e9diaire) dans le but de :<\/p>\n<ul>\n<li aria-level=\"1\">Influencer ill\u00e9galement les actes ou les d\u00e9cisions de cette personne ou entit\u00e9.<\/li>\n<li aria-level=\"1\">Obtenir ou conserver ill\u00e9galement des affaires pour l&rsquo;organisation ; ou obtenir tout avantage indu.<\/li>\n<\/ul>\n<p>Il est interdit au personnel du GROUPE ZARAGOZA d&rsquo;accepter ou de recevoir des pots-de-vin ou toute autre forme de r\u00e9mun\u00e9ration ou de contrepartie similaire, o\u00f9 que ce soit dans le monde, de la part de toute personne ou entit\u00e9, dans le but ou pouvant \u00eatre per\u00e7u comme une tentative d&rsquo;influencer ill\u00e9galement les actes ou les d\u00e9cisions du destinataire, d&rsquo;obtenir ou de conserver ill\u00e9galement des affaires ou un avantage commercial ou d&rsquo;obtenir tout avantage inappropri\u00e9 pour l&rsquo;offre li\u00e9e au pot-de-vin.<\/p>\n<p>De m\u00eame, il est interdit de fournir ou de recevoir des cadeaux, des repas, des divertissements ou toute autre chose de valeur de la part d&rsquo;une personne ou d&rsquo;une entit\u00e9 en rapport avec les affaires de la soci\u00e9t\u00e9, \u00e0 moins qu&rsquo;ils ne soient fournis ou re\u00e7us conform\u00e9ment \u00e0 la politique et aux r\u00e8gles anti-corruption.<\/p>\n<h3>Offrir ou accepter des paiements de facilitation pour initier ou acc\u00e9l\u00e9rer des processus ou des proc\u00e9dures administratives.<\/h3>\n<p>Faciliter ou acc\u00e9l\u00e9rer les paiements est interdit. Les paiements de facilitation sont de petits paiements vers\u00e9s aux agents publics pour acc\u00e9l\u00e9rer ou faciliter des actions ou des services non discr\u00e9tionnaires, tels que l&rsquo;obtention d&rsquo;une licence ou d&rsquo;un permis d&rsquo;exploitation ordinaire, la d\u00e9livrance de visas d&rsquo;entr\u00e9e ou de sortie, la protection polici\u00e8re, les services de t\u00e9l\u00e9phone, d&rsquo;\u00e9lectricit\u00e9 ou d&rsquo;eau, ou l&rsquo;acc\u00e9l\u00e9ration du d\u00e9douanement, entre autres.<\/p>\n<blockquote><p><span style=\"color: #ff0000;\"><strong>Le GROUPE ZARAGOZA interdit\u00a0strictement\u00a0les paiements de facilitation.<\/strong><\/span><\/p><\/blockquote>\n<p>Afin de garantir le respect de la r\u00e9glementation anti-corruption, le GROUPE ZARAGOZA interdit totalement les paiements de facilitation dans tous ses domaines d&rsquo;activit\u00e9. Les collaborateurs du GROUPE ZARAGOZA, doivent refuser \u00e0 tout moment d&rsquo;effectuer de tels paiements.<\/p>\n<h3>Offrir ou accepter des cadeaux et des marques d&rsquo;hospitalit\u00e9 \u00e0 ou de la part d&rsquo;un agent public ou de tout autre tiers qui contreviennent aux dispositions de la pr\u00e9sente politique.<\/h3>\n<p>Les collaborateurs du GROUPE ZARAGOZA ne peuvent pas offrir ou accepter de tiers des cadeaux, des invitations, des prix, des avantages ou d&rsquo;autres incitations qui pourraient affecter l&rsquo;impartialit\u00e9 de l&rsquo;une des parties, influencer une d\u00e9cision commerciale ou entra\u00eener une mauvaise ex\u00e9cution du devoir professionnel. De m\u00eame, en aucun cas, des paiements ou des dons en esp\u00e8ces ou en biens facilement convertibles en esp\u00e8ces (ch\u00e8ques au porteur, ch\u00e8ques-cadeaux, etc.) ne peuvent \u00eatre propos\u00e9s ou accept\u00e9s.<\/p>\n<h3>Faire des contributions au nom de l&rsquo;organisation \u00e0 des fins politiques.<\/h3>\n<p>Le GROUPE ZARAGOZA suit une politique de stricte neutralit\u00e9 ; il ne fait pas de dons \u00e0 un parti politique, \u00e0 un candidat ou \u00e0 une fondation qui sert de v\u00e9hicule \u00e0 des contributions politiques.<\/p>\n<p>La politique anti-corruption de l&rsquo;organisation n&rsquo;interdit pas \u00e0 ses employ\u00e9s de faire des contributions politiques volontaires et personnelles, de participer au processus politique pendant leur temps libre et \u00e0 leurs frais, d&rsquo;exprimer leurs opinions personnelles sur des questions l\u00e9gislatives ou politiques, ou de s&rsquo;engager personnellement dans des activit\u00e9s politiques.<\/p>\n<h3>Obtenir un traitement favorable en utilisant le parrainage ou les dons pour cela.<\/h3>\n<p>Le GROUPE ZARAGOZA contribue au d\u00e9veloppement des r\u00e9gions dans lesquelles il op\u00e8re et autorise des dons raisonnables \u00e0 des organisations caritatives. Toutefois, le Groupe est conscient du risque de dons et de parrainages abusifs qui peuvent \u00eatre interpr\u00e9t\u00e9s comme des m\u00e9canismes permettant d&rsquo;effectuer des paiements ou des contributions dans le but inappropri\u00e9 d&rsquo;obtenir un traitement favorable.<\/p>\n<p>\u00c0 cet \u00e9gard, le GROUPE ZARAGOZA doit s&rsquo;assurer que les dons aux organisations caritatives ne sont pas des paiements ill\u00e9gaux \u00e0 des agents publics ou \u00e0 d&rsquo;autres personnes d\u00e9guis\u00e9es, en violation des pr\u00e9sentes r\u00e8gles anti-corruption. Toute activit\u00e9 de don ou de parrainage entreprise par l&rsquo;organisation au nom d&rsquo;une organisation caritative ne doit pas donner lieu au moindre doute ou \u00e0 la moindre apparence d&rsquo;irr\u00e9gularit\u00e9 ou d&rsquo;opportunit\u00e9 et ne doit certainement pas impliquer une violation de l&rsquo;un des \u00e9l\u00e9ments suivants la loi ou la r\u00e9glementation applicable. En tout \u00e9tat de cause, avant que tout collaborateur ne s&rsquo;engage \u00e0 faire un don \u00e0 une organisation caritative au nom du GROUPE ZARAGOZA, il doit disposer des autorisations internes et, le cas \u00e9ch\u00e9ant, externes n\u00e9cessaires.<\/p>\n<h3>Utiliser les relations d&rsquo;affaires et les contrats de l&rsquo;entreprise \u00e0 leur propre profit ou au profit d&rsquo;un tiers.<\/h3>\n<p>Les collaborateurs et les travailleurs du GROUPE ZARAGOZA doivent \u00e9viter les situations ou les transactions dans lesquelles leurs int\u00e9r\u00eats personnels peuvent entrer en conflit ou pourraient \u00eatre consid\u00e9r\u00e9s comme entrant en conflit avec les int\u00e9r\u00eats de l&rsquo;organisation. Il est donc strictement interdit de :<\/p>\n<ul>\n<li aria-level=\"1\">Agir en utilisant toute information obtenue dans le cadre de votre travail avec le GROUPE ZARAGOZA pour votre b\u00e9n\u00e9fice personnel ou pour celui d&rsquo;un tiers ;<\/li>\n<li aria-level=\"1\">Transmettre ces informations \u00e0 un tiers pour votre propre b\u00e9n\u00e9fice ou celui du tiers ;<\/li>\n<li aria-level=\"1\">Agir d&rsquo;une mani\u00e8re qui pourrait \u00eatre interpr\u00e9t\u00e9e comme un d\u00e9lit d&rsquo;initi\u00e9.<\/li>\n<\/ul>\n<p>Des conflits d&rsquo;int\u00e9r\u00eats peuvent survenir si des personnes ont un int\u00e9r\u00eat personnel dans des affaires li\u00e9es au GROUPE ZARAGOZA. L&rsquo;int\u00e9r\u00eat personnel peut \u00eatre direct ou indirect, et se r\u00e9f\u00e8re non seulement aux int\u00e9r\u00eats personnels, mais aussi \u00e0 ceux de votre famille et de vos amis. En cas de conflit potentiel, les int\u00e9r\u00eats de l&rsquo;organisation primeront toujours.<\/p>\n<p>Le personnel du GROUPE ZARAGOZA doit informer son sup\u00e9rieur hi\u00e9rarchique de tout conflit d&rsquo;int\u00e9r\u00eats potentiel qui pourrait survenir.<\/p>\n<h3>\u00c9tablir des relations d&rsquo;affaires avec des tiers sans se conformer aux obligations minimales de diligence raisonnable au vu des tiers.<\/h3>\n<p>Les relations entretenues par le Groupe Zaragoza et l&rsquo;un de ses employ\u00e9s ou collaborateurs avec les fournisseurs doivent toujours \u00eatre r\u00e9gies par les principes d&rsquo;honn\u00eatet\u00e9, d&rsquo;int\u00e9grit\u00e9 et de transparence.<\/p>\n<p>Le Groupe Zaragoza choisira ses fournisseurs en se basant uniquement sur des crit\u00e8res d&rsquo;objectivit\u00e9 et d&rsquo;impartialit\u00e9 et en pr\u00e9servant toujours la meilleure qualit\u00e9 du bien ou du service.<\/p>\n<p>Dans les circonstances o\u00f9 les relations avec des tiers sont n\u00e9cessaires pour la sph\u00e8re professionnelle, les collaborateurs du GROUPE ZARAGOZA doivent les choisir avec une diligence raisonnable conform\u00e9ment \u00e0 celle \u00e9tablie selon le syst\u00e8me de gestion int\u00e9gr\u00e9e mis en place dans l&rsquo;organisation.\u00a0 Toutes les relations avec des tiers susceptibles d&rsquo;impliquer un contact avec des agents publics doivent faire l&rsquo;objet d&rsquo;un contrat \u00e9crit comprenant un langage appropri\u00e9 et respectant pleinement les r\u00e9glementations anti-corruption applicables.<\/p>\n<h2>ACCEPTATION.<\/h2>\n<p>Tous les employ\u00e9s et administrateurs du Groupe Zaragoza d\u00e9clarent conna\u00eetre l&rsquo;existence de cette politique anti-corruption et en conna\u00eetre le contenu, chacun d&rsquo;entre eux ayant acc\u00e8s \u00e0 une copie de celle-ci.<\/p>\n<p>Ind\u00e9pendamment de la position hi\u00e9rarchique de toutes les personnes qui composent le Groupe Zaragoza, les r\u00e8gles, dispositions et indications r\u00e9glement\u00e9es dans cette politique anti-corruption sont inviolables et doivent \u00eatre respect\u00e9es sans limite.<\/p>\n<p>Tous les employ\u00e9s qui rejoignent l&rsquo;une des organisations qui composent le Groupe Zaragoza \u00e0 partir de l&rsquo;entr\u00e9e en vigueur de la pr\u00e9sente politique anti-corruption doivent \u00eatre inform\u00e9s de son existence, avoir acc\u00e8s \u00e0 une copie de celle-ci et accepter de respecter pleinement ses postulats.<\/p>\n<h2>CONFORMIT\u00c9<\/h2>\n<p>Lorsqu&rsquo;un employ\u00e9 est t\u00e9moin ou prend connaissance d&rsquo;une conduite ou d&rsquo;une action dans son d\u00e9partement de travail qui viole ou peut constituer une violation de la pr\u00e9sente politique anti-corruption, il doit la porter \u00e0 l&rsquo;attention de son sup\u00e9rieur ou la signaler par le biais des m\u00e9canismes \u00e9tablis par l&rsquo;entreprise pour la formulation de suggestions et de plaintes. Dans le cas o\u00f9 la plainte est dirig\u00e9e contre le sup\u00e9rieur hi\u00e9rarchique du plaignant, ce dernier devra communiquer l&rsquo;infraction \u00e0 la pr\u00e9sente politique anti-corruption au responsable de l&rsquo;Espace Personnes du Groupe Zaragoza.<\/p>\n<p>Une fois que les plaintes ont \u00e9t\u00e9 transmises au sup\u00e9rieur hi\u00e9rarchique du plaignant ou au responsable du secteur populaire, selon le cas, ce dernier doit les porter \u00e0 l&rsquo;attention du Comit\u00e9 de gestion de Medienerco (ci-apr\u00e8s, le \u00ab\u00a0Comit\u00e9 de gestion\u00a0\u00bb).<\/p>\n<p>De cette mani\u00e8re, le Comit\u00e9 de gestion supervisera le respect total de cette politique anti-corruption, en r\u00e9solvant et en statuant sur les \u00e9ventuelles violations de cette politique anti-corruption. Le Comit\u00e9 de gestion se r\u00e9unit chaque semaine et consigne dans les proc\u00e8s-verbaux les accords et les d\u00e9cisions qui y sont prises.<\/p>\n<p>Le Comit\u00e9 de gestion dispose des pouvoirs suivants en ce qui concerne l&rsquo;objet de la pr\u00e9sente politique anti-corruption :<\/p>\n<ul>\n<li aria-level=\"1\">Promouvoir la sensibilisation \u00e0 la pr\u00e9sente politique de lutte contre la corruption et veiller \u00e0 son respect.<\/li>\n<li aria-level=\"1\">Proposer les mises \u00e0 jour ou les modifications n\u00e9cessaires pour adapter la politique anti-corruption aux changements significatifs de la l\u00e9gislation.<\/li>\n<li aria-level=\"1\">R\u00e9soudre les plaintes et les communications qui lui ont \u00e9t\u00e9 transmises en raison d&rsquo;un non-respect pr\u00e9sum\u00e9 de la pr\u00e9sente politique anti-corruption. Si l&rsquo;infraction donne lieu \u00e0 un d\u00e9lit de travail, elle sera sanctionn\u00e9e conform\u00e9ment \u00e0 la r\u00e9glementation du travail en vigueur.<\/li>\n<li aria-level=\"1\">Faire des rapports p\u00e9riodiques ou \u00e0 la demande de l&rsquo;organe de direction de Medienerco, concernant la conformit\u00e9 \u00e0 cette politique anti-corruption.<\/li>\n<\/ul>\n<h2>ENTR\u00c9E EN VIGUEUR.<\/h2>\n<p>La pr\u00e9sente politique de lutte contre la corruption a \u00e9t\u00e9 approuv\u00e9e par le Conseil d&rsquo;administration de Medienerco le 28 mai 2021 et est entr\u00e9e en vigueur \u00e0 la m\u00eame date.<\/p>\n","protected":false},"excerpt":{"rendered":"<p>ENGERGURE ET OBJECTIF Zaragoza Medienerco S.L.U. (ci-apr\u00e8s \u00ab\u00a0Medienerco\u00a0\u00bb ou \u00ab\u00a0l&rsquo;Organisation\u00a0\u00bb) et ses entreprises int\u00e9gr\u00e9es et filiales (ci-apr\u00e8s le \u00ab Groupe Zaragoza\u00a0\u00bb) s&rsquo;engagent \u00e0 mener leurs activit\u00e9s avec int\u00e9grit\u00e9. Cela implique d&rsquo;\u00e9viter toute forme de corruption et de se conformer \u00e0 toutes les lois et r\u00e9glementations&#8230;<\/p>\n","protected":false},"author":4,"featured_media":0,"parent":0,"menu_order":0,"comment_status":"closed","ping_status":"closed","template":"","meta":{"_acf_changed":false,"footnotes":""},"class_list":["post-9361","page","type-page","status-publish","hentry"],"acf":[],"yoast_head":"<!-- This site is optimized with the Yoast SEO plugin v26.8 - https:\/\/yoast.com\/product\/yoast-seo-wordpress\/ -->\n<title>POLITIQUE ANTI-CORRUPTION - GRUPO ZARAGOZ\u00c1<\/title>\n<meta name=\"robots\" content=\"index, follow, max-snippet:-1, max-image-preview:large, max-video-preview:-1\" \/>\n<link rel=\"canonical\" href=\"https:\/\/www.grupozaragoza.com\/fr\/politique-anti-corruption\/\" \/>\n<meta property=\"og:locale\" content=\"fr_FR\" \/>\n<meta property=\"og:type\" content=\"article\" \/>\n<meta property=\"og:title\" content=\"POLITIQUE ANTI-CORRUPTION - GRUPO ZARAGOZ\u00c1\" \/>\n<meta property=\"og:description\" content=\"ENGERGURE ET OBJECTIF Zaragoza Medienerco S.L.U. (ci-apr\u00e8s \u00ab\u00a0Medienerco\u00a0\u00bb ou \u00ab\u00a0l&rsquo;Organisation\u00a0\u00bb) et ses entreprises int\u00e9gr\u00e9es et filiales (ci-apr\u00e8s le \u00ab Groupe Zaragoza\u00a0\u00bb) s&rsquo;engagent \u00e0 mener leurs activit\u00e9s avec int\u00e9grit\u00e9. Cela implique d&rsquo;\u00e9viter toute forme de corruption et de se conformer \u00e0 toutes les lois et r\u00e9glementations...\" \/>\n<meta property=\"og:url\" content=\"https:\/\/www.grupozaragoza.com\/fr\/politique-anti-corruption\/\" \/>\n<meta property=\"og:site_name\" content=\"GRUPO ZARAGOZ\u00c1\" \/>\n<meta property=\"article:modified_time\" content=\"2021-08-23T07:39:42+00:00\" \/>\n<meta name=\"twitter:card\" content=\"summary_large_image\" \/>\n<meta name=\"twitter:label1\" content=\"Dur\u00e9e de lecture estim\u00e9e\" \/>\n\t<meta name=\"twitter:data1\" content=\"9 minutes\" \/>\n<script type=\"application\/ld+json\" class=\"yoast-schema-graph\">{\"@context\":\"https:\/\/schema.org\",\"@graph\":[{\"@type\":\"WebPage\",\"@id\":\"https:\/\/www.grupozaragoza.com\/fr\/politique-anti-corruption\/\",\"url\":\"https:\/\/www.grupozaragoza.com\/fr\/politique-anti-corruption\/\",\"name\":\"POLITIQUE ANTI-CORRUPTION - GRUPO ZARAGOZ\u00c1\",\"isPartOf\":{\"@id\":\"https:\/\/www.grupozaragoza.com\/#website\"},\"datePublished\":\"2021-08-19T08:19:58+00:00\",\"dateModified\":\"2021-08-23T07:39:42+00:00\",\"breadcrumb\":{\"@id\":\"https:\/\/www.grupozaragoza.com\/fr\/politique-anti-corruption\/#breadcrumb\"},\"inLanguage\":\"fr-FR\",\"potentialAction\":[{\"@type\":\"ReadAction\",\"target\":[\"https:\/\/www.grupozaragoza.com\/fr\/politique-anti-corruption\/\"]}]},{\"@type\":\"BreadcrumbList\",\"@id\":\"https:\/\/www.grupozaragoza.com\/fr\/politique-anti-corruption\/#breadcrumb\",\"itemListElement\":[{\"@type\":\"ListItem\",\"position\":1,\"name\":\"Portada\",\"item\":\"https:\/\/www.grupozaragoza.com\/fr\/\"},{\"@type\":\"ListItem\",\"position\":2,\"name\":\"POLITIQUE ANTI-CORRUPTION\"}]},{\"@type\":\"WebSite\",\"@id\":\"https:\/\/www.grupozaragoza.com\/#website\",\"url\":\"https:\/\/www.grupozaragoza.com\/\",\"name\":\"GRUPO ZARAGOZ\u00c1\",\"description\":\"Ingenieria &amp; Arquitectura Creativa\",\"publisher\":{\"@id\":\"https:\/\/www.grupozaragoza.com\/#organization\"},\"potentialAction\":[{\"@type\":\"SearchAction\",\"target\":{\"@type\":\"EntryPoint\",\"urlTemplate\":\"https:\/\/www.grupozaragoza.com\/?s={search_term_string}\"},\"query-input\":{\"@type\":\"PropertyValueSpecification\",\"valueRequired\":true,\"valueName\":\"search_term_string\"}}],\"inLanguage\":\"fr-FR\"},{\"@type\":\"Organization\",\"@id\":\"https:\/\/www.grupozaragoza.com\/#organization\",\"name\":\"GRUPO ZARAGOZ\u00c1\",\"url\":\"https:\/\/www.grupozaragoza.com\/\",\"logo\":{\"@type\":\"ImageObject\",\"inLanguage\":\"fr-FR\",\"@id\":\"https:\/\/www.grupozaragoza.com\/#\/schema\/logo\/image\/\",\"url\":\"https:\/\/www.grupozaragoza.com\/wp-content\/uploads\/2017\/08\/logo_zaragoza.png\",\"contentUrl\":\"https:\/\/www.grupozaragoza.com\/wp-content\/uploads\/2017\/08\/logo_zaragoza.png\",\"width\":676,\"height\":180,\"caption\":\"GRUPO ZARAGOZ\u00c1\"},\"image\":{\"@id\":\"https:\/\/www.grupozaragoza.com\/#\/schema\/logo\/image\/\"},\"sameAs\":[\"https:\/\/www.linkedin.com\/company\/grupozaragoza\/\",\"https:\/\/www.instagram.com\/grupozaragoza_com\/\"]}]}<\/script>\n<!-- \/ Yoast SEO plugin. -->","yoast_head_json":{"title":"POLITIQUE ANTI-CORRUPTION - GRUPO ZARAGOZ\u00c1","robots":{"index":"index","follow":"follow","max-snippet":"max-snippet:-1","max-image-preview":"max-image-preview:large","max-video-preview":"max-video-preview:-1"},"canonical":"https:\/\/www.grupozaragoza.com\/fr\/politique-anti-corruption\/","og_locale":"fr_FR","og_type":"article","og_title":"POLITIQUE ANTI-CORRUPTION - GRUPO ZARAGOZ\u00c1","og_description":"ENGERGURE ET OBJECTIF Zaragoza Medienerco S.L.U. (ci-apr\u00e8s \u00ab\u00a0Medienerco\u00a0\u00bb ou \u00ab\u00a0l&rsquo;Organisation\u00a0\u00bb) et ses entreprises int\u00e9gr\u00e9es et filiales (ci-apr\u00e8s le \u00ab Groupe Zaragoza\u00a0\u00bb) s&rsquo;engagent \u00e0 mener leurs activit\u00e9s avec int\u00e9grit\u00e9. Cela implique d&rsquo;\u00e9viter toute forme de corruption et de se conformer \u00e0 toutes les lois et r\u00e9glementations...","og_url":"https:\/\/www.grupozaragoza.com\/fr\/politique-anti-corruption\/","og_site_name":"GRUPO ZARAGOZ\u00c1","article_modified_time":"2021-08-23T07:39:42+00:00","twitter_card":"summary_large_image","twitter_misc":{"Dur\u00e9e de lecture estim\u00e9e":"9 minutes"},"schema":{"@context":"https:\/\/schema.org","@graph":[{"@type":"WebPage","@id":"https:\/\/www.grupozaragoza.com\/fr\/politique-anti-corruption\/","url":"https:\/\/www.grupozaragoza.com\/fr\/politique-anti-corruption\/","name":"POLITIQUE ANTI-CORRUPTION - GRUPO ZARAGOZ\u00c1","isPartOf":{"@id":"https:\/\/www.grupozaragoza.com\/#website"},"datePublished":"2021-08-19T08:19:58+00:00","dateModified":"2021-08-23T07:39:42+00:00","breadcrumb":{"@id":"https:\/\/www.grupozaragoza.com\/fr\/politique-anti-corruption\/#breadcrumb"},"inLanguage":"fr-FR","potentialAction":[{"@type":"ReadAction","target":["https:\/\/www.grupozaragoza.com\/fr\/politique-anti-corruption\/"]}]},{"@type":"BreadcrumbList","@id":"https:\/\/www.grupozaragoza.com\/fr\/politique-anti-corruption\/#breadcrumb","itemListElement":[{"@type":"ListItem","position":1,"name":"Portada","item":"https:\/\/www.grupozaragoza.com\/fr\/"},{"@type":"ListItem","position":2,"name":"POLITIQUE ANTI-CORRUPTION"}]},{"@type":"WebSite","@id":"https:\/\/www.grupozaragoza.com\/#website","url":"https:\/\/www.grupozaragoza.com\/","name":"GRUPO ZARAGOZ\u00c1","description":"Ingenieria &amp; Arquitectura Creativa","publisher":{"@id":"https:\/\/www.grupozaragoza.com\/#organization"},"potentialAction":[{"@type":"SearchAction","target":{"@type":"EntryPoint","urlTemplate":"https:\/\/www.grupozaragoza.com\/?s={search_term_string}"},"query-input":{"@type":"PropertyValueSpecification","valueRequired":true,"valueName":"search_term_string"}}],"inLanguage":"fr-FR"},{"@type":"Organization","@id":"https:\/\/www.grupozaragoza.com\/#organization","name":"GRUPO ZARAGOZ\u00c1","url":"https:\/\/www.grupozaragoza.com\/","logo":{"@type":"ImageObject","inLanguage":"fr-FR","@id":"https:\/\/www.grupozaragoza.com\/#\/schema\/logo\/image\/","url":"https:\/\/www.grupozaragoza.com\/wp-content\/uploads\/2017\/08\/logo_zaragoza.png","contentUrl":"https:\/\/www.grupozaragoza.com\/wp-content\/uploads\/2017\/08\/logo_zaragoza.png","width":676,"height":180,"caption":"GRUPO ZARAGOZ\u00c1"},"image":{"@id":"https:\/\/www.grupozaragoza.com\/#\/schema\/logo\/image\/"},"sameAs":["https:\/\/www.linkedin.com\/company\/grupozaragoza\/","https:\/\/www.instagram.com\/grupozaragoza_com\/"]}]}},"_links":{"self":[{"href":"https:\/\/www.grupozaragoza.com\/fr\/wp-json\/wp\/v2\/pages\/9361","targetHints":{"allow":["GET"]}}],"collection":[{"href":"https:\/\/www.grupozaragoza.com\/fr\/wp-json\/wp\/v2\/pages"}],"about":[{"href":"https:\/\/www.grupozaragoza.com\/fr\/wp-json\/wp\/v2\/types\/page"}],"author":[{"embeddable":true,"href":"https:\/\/www.grupozaragoza.com\/fr\/wp-json\/wp\/v2\/users\/4"}],"replies":[{"embeddable":true,"href":"https:\/\/www.grupozaragoza.com\/fr\/wp-json\/wp\/v2\/comments?post=9361"}],"version-history":[{"count":1,"href":"https:\/\/www.grupozaragoza.com\/fr\/wp-json\/wp\/v2\/pages\/9361\/revisions"}],"predecessor-version":[{"id":9362,"href":"https:\/\/www.grupozaragoza.com\/fr\/wp-json\/wp\/v2\/pages\/9361\/revisions\/9362"}],"wp:attachment":[{"href":"https:\/\/www.grupozaragoza.com\/fr\/wp-json\/wp\/v2\/media?parent=9361"}],"curies":[{"name":"wp","href":"https:\/\/api.w.org\/{rel}","templated":true}]}}