{"id":9061,"date":"2020-08-28T09:09:49","date_gmt":"2020-08-28T09:09:49","guid":{"rendered":"http:\/\/www.grupozaragoza.com\/politica-de-calidad-y-medioambiente\/"},"modified":"2025-09-18T08:01:52","modified_gmt":"2025-09-18T07:01:52","slug":"politique-integree","status":"publish","type":"page","link":"https:\/\/www.grupozaragoza.com\/fr\/politique-integree\/","title":{"rendered":"POLITIQUE INT\u00c9GR\u00c9E"},"content":{"rendered":"<div class=\"wpb-content-wrapper\"><p>[vc_row css_animation=\u00a0\u00bb\u00a0\u00bb row_type=\u00a0\u00bbrow\u00a0\u00bb use_row_as_full_screen_section=\u00a0\u00bbno\u00a0\u00bb type=\u00a0\u00bbfull_width\u00a0\u00bb angled_section=\u00a0\u00bbno\u00a0\u00bb text_align=\u00a0\u00bbleft\u00a0\u00bb background_image_as_pattern=\u00a0\u00bbwithout_pattern\u00a0\u00bb][vc_column][vc_column_text]<\/p>\n<h2><strong>POLITIQUE QUALITE, SECURIT\u00c9 ET ENVIRONNEMENT DE ZARAGOZA MEDIENERCO, S.L.U<\/strong><\/h2>\n<p><strong>Zaragoza Medienerco S.L.U.<\/strong>, avec le principal objectif d\u2019offrir des alternatives pour cr\u00e9er un d\u00e9veloppement durable dans tous ses domaines d\u2019activit\u00e9 d\u00e9clare que la Qualit\u00e9, la Conservation et la Protection de l\u2019Environnement, ainsi que l\u2019assurance de la S\u00e9curit\u00e9 et la Sant\u00e9 est un objectif commun dans chacune des activit\u00e9s de l\u2019organisation, plus pr\u00e9cis\u00e9ment dans le <strong>D\u00e9veloppement, la Conception, la Construction et la Maintenance<\/strong> des installations photovolta\u00efques.<\/p>\n<p>La direction s\u2019engage \u00e0 <strong>\u00e9tablir, mettre en \u0153uvre et tenir \u00e0 jour<\/strong> une Politique de Qualit\u00e9, S\u00e9curit\u00e9 et Environnement gr\u00e2ce \u00e0 la mise en place d\u2019un <strong>syst\u00e8me de gestion int\u00e9gr\u00e9<\/strong> conform\u00e9ment aux normes de r\u00e9f\u00e9rence UNE-EN-ISO 14001:20015, UNE-EN-ISO 9001:2015 et UNE-EN-ISO 45001:2018.<\/p>\n<p>&nbsp;<\/p>\n<p>Tout cela dans le but de:<\/p>\n<p>&#8211; R\u00e9pondre aux besoins de nos clients tout en respectant leurs sp\u00e9cifications et exigences particuli\u00e8res.<\/p>\n<p>&#8211; Garantir la formation de nos employ\u00e9s, en assurant la comp\u00e9tence dans l&rsquo;exercice de leurs fonctions et en encourageant en m\u00eame temps la responsabilit\u00e9 dans les principaux domaines de la politique.<\/p>\n<p>&#8211; Respecter les exigences l\u00e9gales, r\u00e9glementaires et normatives applicables dans le secteur et dans chacun des pays o\u00f9 on travaille.<\/p>\n<p>&#8211; Promouvoir un comportement respectueux en mati\u00e8re de Qualit\u00e9, S\u00e9curit\u00e9 et Environnement.<\/p>\n<p>&#8211; Pr\u00e9venir les situations d\u2019urgence et la pollution de l\u2019environnement, en am\u00e9liorant constamment la capacit\u00e9 de r\u00e9action, afin de minimiser l&rsquo;impact de nos activit\u00e9s sur l\u2019environnement.<\/p>\n<p>&#8211; Assurer la sant\u00e9 et s\u00e9curit\u00e9 au travail afin de pr\u00e9venir tout accident et\/ou la d\u00e9t\u00e9rioration de la sant\u00e9 li\u00e9s au travail, ainsi que fournir un cadre de r\u00e9f\u00e9rence pour \u00e9tablir les objectifs fix\u00e9s en mati\u00e8re de Sant\u00e9 et de S\u00e9curit\u00e9 au travail.<\/p>\n<p>&#8211; \u00c9liminer les dangers et r\u00e9duire les risques, en procurant des conditions de travail s\u00fbres et saines pour tous les collaborateurs.<\/p>\n<p>&#8211; Assurer la consultation et la participation des travailleurs en g\u00e9n\u00e9ral et, lorsqu&rsquo;ils existent, des repr\u00e9sentants des travailleurs.<\/p>\n<p>&nbsp;<\/p>\n<p>Afin de respecter tous les engagements mentionn\u00e9s ci-dessus, la direction fournit au syst\u00e8me de gestion int\u00e9gr\u00e9:<\/p>\n<p>&#8211; Les ressources techniques, \u00e9conomiques et le soutien humain n\u00e9cessaires afin de mettre en \u0153uvre et maintenir le syst\u00e8me.<\/p>\n<p>&#8211; Les outils de <strong>planification et de contr\u00f4le<\/strong> des activit\u00e9s et des services internes, afin de r\u00e9duire les \u00e9missions polluantes et la production d\u00e9chets, et assurer des conditions de travail s\u00fbres et saines, toujours en privil\u00e9giant la pr\u00e9vention \u00e0 la correction.<\/p>\n<p>&#8211; Les moyens qui facilitent aux parties int\u00e9ress\u00e9s, l\u2019acc\u00e8s \u00e0 l\u2019information du syst\u00e8me implant\u00e9 dans l\u2019entreprise.<\/p>\n<p>&nbsp;<\/p>\n<p>Avec tout cela, et gr\u00e2ce \u00e0 l\u2019\u00e9tablissement <strong>d\u2019objectifs mesurables<\/strong>, qui seront v\u00e9rifi\u00e9s p\u00e9riodiquement au cours des revues de Direction, on veut souligner et enregistrer l\u2019engagement de la Direction avec <strong>l\u2019am\u00e9lioration continue<\/strong>.<\/p>\n<p>La Politique de Qualit\u00e9, S\u00e9curit\u00e9 et Environnement est rendue publique aupr\u00e8s de nos collaborateurs et de toutes les parties int\u00e9ress\u00e9es. L\u2019entreprise dispose de tous les moyens n\u00e9cessaires pour s\u2019assurer qu\u2019elle est comprise et mise en \u0153uvre.<\/p>\n<p>Cette Politique a \u00e9t\u00e9 approuv\u00e9e par Vicente Zaragoz\u00e1 Zaragoz\u00e1 en tant que CEO de la Soci\u00e9t\u00e9 le 9 septembre 2021.[\/vc_column_text][vc_separator type=\u00a0\u00bbtransparent\u00a0\u00bb thickness=\u00a0\u00bb0&Prime; up=\u00a0\u00bb20&Prime; down=\u00a0\u00bb20&Prime;]\n\n\t<a href=\"https:\/\/www.grupozaragoza.com\/wp-content\/uploads\/2025\/09\/Politica-Integrada-GZ_R01_FR_Firm.pdf.pdf\" target=\"_blank\" style=\"color: #ffffff;background-color: #1e73be\" class=\"qode-btn qode-btn-medium qode-btn-solid qode-btn-custom-hover-bg qode-btn-custom-hover-color qode-btn-icon qode-btn-default-hover\" data-hover-bg-color=\"#1f91dd\" data-hover-color=\"#ffffff\" >\n\t    <span class=\"qode-btn-text\">T\u00e9l\u00e9charger PDF<\/span><span class=\"qode-button-v2-icon-holder\"  ><i class=\"qode_icon_font_awesome fa fa-arrow-circle-down qode-button-v2-icon-holder-inner\" ><\/i><\/span>\t<\/a>\n\n[\/vc_column][\/vc_row]<\/p>\n<\/div>","protected":false},"excerpt":{"rendered":"<p>[vc_row css_animation=\u00a0\u00bb\u00a0\u00bb row_type=\u00a0\u00bbrow\u00a0\u00bb use_row_as_full_screen_section=\u00a0\u00bbno\u00a0\u00bb type=\u00a0\u00bbfull_width\u00a0\u00bb angled_section=\u00a0\u00bbno\u00a0\u00bb text_align=\u00a0\u00bbleft\u00a0\u00bb background_image_as_pattern=\u00a0\u00bbwithout_pattern\u00a0\u00bb][vc_column][vc_column_text] POLITIQUE QUALITE, SECURIT\u00c9 ET ENVIRONNEMENT DE ZARAGOZA MEDIENERCO, S.L.U Zaragoza Medienerco S.L.U., avec le principal objectif d\u2019offrir des alternatives pour cr\u00e9er un d\u00e9veloppement durable dans tous ses domaines d\u2019activit\u00e9 d\u00e9clare que la Qualit\u00e9, la Conservation et la&#8230;<\/p>\n","protected":false},"author":4,"featured_media":0,"parent":0,"menu_order":0,"comment_status":"closed","ping_status":"closed","template":"","meta":{"_acf_changed":false,"footnotes":""},"class_list":["post-9061","page","type-page","status-publish","hentry"],"acf":[],"yoast_head":"<!-- This site is optimized with the Yoast SEO plugin v26.8 - https:\/\/yoast.com\/product\/yoast-seo-wordpress\/ -->\n<title>POLITIQUE INT\u00c9GR\u00c9E - GRUPO ZARAGOZ\u00c1<\/title>\n<meta name=\"robots\" content=\"index, follow, max-snippet:-1, max-image-preview:large, max-video-preview:-1\" \/>\n<link rel=\"canonical\" href=\"https:\/\/www.grupozaragoza.com\/fr\/politique-integree\/\" \/>\n<meta property=\"og:locale\" content=\"fr_FR\" \/>\n<meta property=\"og:type\" content=\"article\" \/>\n<meta property=\"og:title\" content=\"POLITIQUE INT\u00c9GR\u00c9E - GRUPO ZARAGOZ\u00c1\" \/>\n<meta property=\"og:description\" content=\"[vc_row css_animation=\u00a0\u00bb\u00a0\u00bb row_type=\u00a0\u00bbrow\u00a0\u00bb use_row_as_full_screen_section=\u00a0\u00bbno\u00a0\u00bb type=\u00a0\u00bbfull_width\u00a0\u00bb angled_section=\u00a0\u00bbno\u00a0\u00bb text_align=\u00a0\u00bbleft\u00a0\u00bb background_image_as_pattern=\u00a0\u00bbwithout_pattern\u00a0\u00bb][vc_column][vc_column_text] POLITIQUE QUALITE, SECURIT\u00c9 ET ENVIRONNEMENT DE ZARAGOZA MEDIENERCO, S.L.U Zaragoza Medienerco S.L.U., avec le principal objectif d\u2019offrir des alternatives pour cr\u00e9er un d\u00e9veloppement durable dans tous ses domaines d\u2019activit\u00e9 d\u00e9clare que la Qualit\u00e9, la Conservation et la...\" \/>\n<meta property=\"og:url\" content=\"https:\/\/www.grupozaragoza.com\/fr\/politique-integree\/\" \/>\n<meta property=\"og:site_name\" content=\"GRUPO ZARAGOZ\u00c1\" \/>\n<meta property=\"article:modified_time\" content=\"2025-09-18T07:01:52+00:00\" \/>\n<meta name=\"twitter:card\" content=\"summary_large_image\" \/>\n<meta name=\"twitter:label1\" content=\"Dur\u00e9e de lecture estim\u00e9e\" \/>\n\t<meta name=\"twitter:data1\" content=\"3 minutes\" \/>\n<script type=\"application\/ld+json\" class=\"yoast-schema-graph\">{\"@context\":\"https:\/\/schema.org\",\"@graph\":[{\"@type\":\"WebPage\",\"@id\":\"https:\/\/www.grupozaragoza.com\/fr\/politique-integree\/\",\"url\":\"https:\/\/www.grupozaragoza.com\/fr\/politique-integree\/\",\"name\":\"POLITIQUE INT\u00c9GR\u00c9E - GRUPO ZARAGOZ\u00c1\",\"isPartOf\":{\"@id\":\"https:\/\/www.grupozaragoza.com\/#website\"},\"datePublished\":\"2020-08-28T09:09:49+00:00\",\"dateModified\":\"2025-09-18T07:01:52+00:00\",\"breadcrumb\":{\"@id\":\"https:\/\/www.grupozaragoza.com\/fr\/politique-integree\/#breadcrumb\"},\"inLanguage\":\"fr-FR\",\"potentialAction\":[{\"@type\":\"ReadAction\",\"target\":[\"https:\/\/www.grupozaragoza.com\/fr\/politique-integree\/\"]}]},{\"@type\":\"BreadcrumbList\",\"@id\":\"https:\/\/www.grupozaragoza.com\/fr\/politique-integree\/#breadcrumb\",\"itemListElement\":[{\"@type\":\"ListItem\",\"position\":1,\"name\":\"Portada\",\"item\":\"https:\/\/www.grupozaragoza.com\/fr\/\"},{\"@type\":\"ListItem\",\"position\":2,\"name\":\"POLITIQUE INT\u00c9GR\u00c9E\"}]},{\"@type\":\"WebSite\",\"@id\":\"https:\/\/www.grupozaragoza.com\/#website\",\"url\":\"https:\/\/www.grupozaragoza.com\/\",\"name\":\"GRUPO ZARAGOZ\u00c1\",\"description\":\"Ingenieria &amp; Arquitectura Creativa\",\"publisher\":{\"@id\":\"https:\/\/www.grupozaragoza.com\/#organization\"},\"potentialAction\":[{\"@type\":\"SearchAction\",\"target\":{\"@type\":\"EntryPoint\",\"urlTemplate\":\"https:\/\/www.grupozaragoza.com\/?s={search_term_string}\"},\"query-input\":{\"@type\":\"PropertyValueSpecification\",\"valueRequired\":true,\"valueName\":\"search_term_string\"}}],\"inLanguage\":\"fr-FR\"},{\"@type\":\"Organization\",\"@id\":\"https:\/\/www.grupozaragoza.com\/#organization\",\"name\":\"GRUPO ZARAGOZ\u00c1\",\"url\":\"https:\/\/www.grupozaragoza.com\/\",\"logo\":{\"@type\":\"ImageObject\",\"inLanguage\":\"fr-FR\",\"@id\":\"https:\/\/www.grupozaragoza.com\/#\/schema\/logo\/image\/\",\"url\":\"https:\/\/www.grupozaragoza.com\/wp-content\/uploads\/2017\/08\/logo_zaragoza.png\",\"contentUrl\":\"https:\/\/www.grupozaragoza.com\/wp-content\/uploads\/2017\/08\/logo_zaragoza.png\",\"width\":676,\"height\":180,\"caption\":\"GRUPO ZARAGOZ\u00c1\"},\"image\":{\"@id\":\"https:\/\/www.grupozaragoza.com\/#\/schema\/logo\/image\/\"},\"sameAs\":[\"https:\/\/www.linkedin.com\/company\/grupozaragoza\/\",\"https:\/\/www.instagram.com\/grupozaragoza_com\/\"]}]}<\/script>\n<!-- \/ Yoast SEO plugin. -->","yoast_head_json":{"title":"POLITIQUE INT\u00c9GR\u00c9E - GRUPO ZARAGOZ\u00c1","robots":{"index":"index","follow":"follow","max-snippet":"max-snippet:-1","max-image-preview":"max-image-preview:large","max-video-preview":"max-video-preview:-1"},"canonical":"https:\/\/www.grupozaragoza.com\/fr\/politique-integree\/","og_locale":"fr_FR","og_type":"article","og_title":"POLITIQUE INT\u00c9GR\u00c9E - GRUPO ZARAGOZ\u00c1","og_description":"[vc_row css_animation=\u00a0\u00bb\u00a0\u00bb row_type=\u00a0\u00bbrow\u00a0\u00bb use_row_as_full_screen_section=\u00a0\u00bbno\u00a0\u00bb type=\u00a0\u00bbfull_width\u00a0\u00bb angled_section=\u00a0\u00bbno\u00a0\u00bb text_align=\u00a0\u00bbleft\u00a0\u00bb background_image_as_pattern=\u00a0\u00bbwithout_pattern\u00a0\u00bb][vc_column][vc_column_text] POLITIQUE QUALITE, SECURIT\u00c9 ET ENVIRONNEMENT DE ZARAGOZA MEDIENERCO, S.L.U Zaragoza Medienerco S.L.U., avec le principal objectif d\u2019offrir des alternatives pour cr\u00e9er un d\u00e9veloppement durable dans tous ses domaines d\u2019activit\u00e9 d\u00e9clare que la Qualit\u00e9, la Conservation et la...","og_url":"https:\/\/www.grupozaragoza.com\/fr\/politique-integree\/","og_site_name":"GRUPO ZARAGOZ\u00c1","article_modified_time":"2025-09-18T07:01:52+00:00","twitter_card":"summary_large_image","twitter_misc":{"Dur\u00e9e de lecture estim\u00e9e":"3 minutes"},"schema":{"@context":"https:\/\/schema.org","@graph":[{"@type":"WebPage","@id":"https:\/\/www.grupozaragoza.com\/fr\/politique-integree\/","url":"https:\/\/www.grupozaragoza.com\/fr\/politique-integree\/","name":"POLITIQUE INT\u00c9GR\u00c9E - GRUPO ZARAGOZ\u00c1","isPartOf":{"@id":"https:\/\/www.grupozaragoza.com\/#website"},"datePublished":"2020-08-28T09:09:49+00:00","dateModified":"2025-09-18T07:01:52+00:00","breadcrumb":{"@id":"https:\/\/www.grupozaragoza.com\/fr\/politique-integree\/#breadcrumb"},"inLanguage":"fr-FR","potentialAction":[{"@type":"ReadAction","target":["https:\/\/www.grupozaragoza.com\/fr\/politique-integree\/"]}]},{"@type":"BreadcrumbList","@id":"https:\/\/www.grupozaragoza.com\/fr\/politique-integree\/#breadcrumb","itemListElement":[{"@type":"ListItem","position":1,"name":"Portada","item":"https:\/\/www.grupozaragoza.com\/fr\/"},{"@type":"ListItem","position":2,"name":"POLITIQUE INT\u00c9GR\u00c9E"}]},{"@type":"WebSite","@id":"https:\/\/www.grupozaragoza.com\/#website","url":"https:\/\/www.grupozaragoza.com\/","name":"GRUPO ZARAGOZ\u00c1","description":"Ingenieria &amp; Arquitectura Creativa","publisher":{"@id":"https:\/\/www.grupozaragoza.com\/#organization"},"potentialAction":[{"@type":"SearchAction","target":{"@type":"EntryPoint","urlTemplate":"https:\/\/www.grupozaragoza.com\/?s={search_term_string}"},"query-input":{"@type":"PropertyValueSpecification","valueRequired":true,"valueName":"search_term_string"}}],"inLanguage":"fr-FR"},{"@type":"Organization","@id":"https:\/\/www.grupozaragoza.com\/#organization","name":"GRUPO ZARAGOZ\u00c1","url":"https:\/\/www.grupozaragoza.com\/","logo":{"@type":"ImageObject","inLanguage":"fr-FR","@id":"https:\/\/www.grupozaragoza.com\/#\/schema\/logo\/image\/","url":"https:\/\/www.grupozaragoza.com\/wp-content\/uploads\/2017\/08\/logo_zaragoza.png","contentUrl":"https:\/\/www.grupozaragoza.com\/wp-content\/uploads\/2017\/08\/logo_zaragoza.png","width":676,"height":180,"caption":"GRUPO ZARAGOZ\u00c1"},"image":{"@id":"https:\/\/www.grupozaragoza.com\/#\/schema\/logo\/image\/"},"sameAs":["https:\/\/www.linkedin.com\/company\/grupozaragoza\/","https:\/\/www.instagram.com\/grupozaragoza_com\/"]}]}},"_links":{"self":[{"href":"https:\/\/www.grupozaragoza.com\/fr\/wp-json\/wp\/v2\/pages\/9061","targetHints":{"allow":["GET"]}}],"collection":[{"href":"https:\/\/www.grupozaragoza.com\/fr\/wp-json\/wp\/v2\/pages"}],"about":[{"href":"https:\/\/www.grupozaragoza.com\/fr\/wp-json\/wp\/v2\/types\/page"}],"author":[{"embeddable":true,"href":"https:\/\/www.grupozaragoza.com\/fr\/wp-json\/wp\/v2\/users\/4"}],"replies":[{"embeddable":true,"href":"https:\/\/www.grupozaragoza.com\/fr\/wp-json\/wp\/v2\/comments?post=9061"}],"version-history":[{"count":10,"href":"https:\/\/www.grupozaragoza.com\/fr\/wp-json\/wp\/v2\/pages\/9061\/revisions"}],"predecessor-version":[{"id":12591,"href":"https:\/\/www.grupozaragoza.com\/fr\/wp-json\/wp\/v2\/pages\/9061\/revisions\/12591"}],"wp:attachment":[{"href":"https:\/\/www.grupozaragoza.com\/fr\/wp-json\/wp\/v2\/media?parent=9061"}],"curies":[{"name":"wp","href":"https:\/\/api.w.org\/{rel}","templated":true}]}}