{"id":8891,"date":"2018-08-03T08:14:57","date_gmt":"2018-08-03T08:14:57","guid":{"rendered":"http:\/\/www.grupozaragoza.com\/?page_id=8891"},"modified":"2025-05-20T11:26:31","modified_gmt":"2025-05-20T10:26:31","slug":"politique-de-cookie","status":"publish","type":"page","link":"https:\/\/www.grupozaragoza.com\/fr\/politique-de-cookie\/","title":{"rendered":"Politique de cookie"},"content":{"rendered":"<div class=\"wpb-content-wrapper\"><p>[vc_row css_animation=\u00a0\u00bb\u00a0\u00bb row_type=\u00a0\u00bbrow\u00a0\u00bb use_row_as_full_screen_section=\u00a0\u00bbno\u00a0\u00bb type=\u00a0\u00bbfull_width\u00a0\u00bb angled_section=\u00a0\u00bbno\u00a0\u00bb text_align=\u00a0\u00bbleft\u00a0\u00bb background_image_as_pattern=\u00a0\u00bbwithout_pattern\u00a0\u00bb][vc_column][vc_column_text]<\/p>\n<p data-start=\"184\" data-end=\"218\"><strong data-start=\"187\" data-end=\"218\">INFORMATION SUR LES COOKIES<\/strong><\/p>\n<p data-start=\"220\" data-end=\"748\">Conform\u00e9ment \u00e0 la Loi 34\/2002 du 11 juillet sur les services de la soci\u00e9t\u00e9 de l&rsquo;information et du commerce \u00e9lectronique (LSSI), au R\u00e8glement (UE) 2016\/679 du Parlement europ\u00e9en et du Conseil du 27 avril 2016 (RGPD), ainsi qu&rsquo;\u00e0 la Loi organique 3\/2018 du 5 d\u00e9cembre relative \u00e0 la protection des donn\u00e9es personnelles et \u00e0 la garantie des droits num\u00e9riques (LOPDGDD), il est obligatoire d\u2019obtenir le consentement expr\u00e8s des utilisateurs pour l\u2019utilisation de cookies non essentiels avant qu\u2019ils ne naviguent sur tout site internet.<\/p>\n<p data-start=\"750\" data-end=\"780\"><strong data-start=\"754\" data-end=\"780\">QUE SONT LES COOKIES ?<\/strong><\/p>\n<p data-start=\"782\" data-end=\"1061\">Les cookies et autres technologies similaires, comme les objets partag\u00e9s locaux, cookies flash ou pixels, sont des outils utilis\u00e9s par les serveurs web pour stocker et r\u00e9cup\u00e9rer des informations sur les visiteurs. Ils permettent \u00e9galement d&rsquo;assurer le bon fonctionnement du site.<\/p>\n<p data-start=\"1063\" data-end=\"1260\">Gr\u00e2ce \u00e0 ces dispositifs, le serveur web peut se souvenir de certaines donn\u00e9es de l&rsquo;utilisateur, telles que ses pr\u00e9f\u00e9rences d&rsquo;affichage, ses identifiants de connexion, ou les produits qu\u2019il pr\u00e9f\u00e8re.<\/p>\n<p data-start=\"1267\" data-end=\"1333\"><strong data-start=\"1270\" data-end=\"1333\">COOKIES CONCERN\u00c9S PAR LA R\u00c9GLEMENTATION ET COOKIES EXEMPT\u00c9S<\/strong><\/p>\n<p data-start=\"1335\" data-end=\"1625\">Selon la directive europ\u00e9enne, les cookies n\u00e9cessitant un consentement pr\u00e9alable sont ceux d\u2019analyse, de publicit\u00e9 et d\u2019affiliation. Sont exempt\u00e9s les cookies techniques et ceux strictement n\u00e9cessaires au bon fonctionnement du site ou \u00e0 la fourniture d\u2019un service demand\u00e9 par l\u2019utilisateur.<\/p>\n<p data-start=\"1632\" data-end=\"1675\"><strong data-start=\"1635\" data-end=\"1675\">TYPES DE COOKIES SELON LEUR FINALIT\u00c9<\/strong><\/p>\n<p data-start=\"1679\" data-end=\"1802\"><strong data-start=\"1679\" data-end=\"1717\">Cookies techniques et fonctionnels<\/strong> : permettent la navigation et l&rsquo;utilisation des diff\u00e9rentes fonctionnalit\u00e9s du site.<\/p>\n<p data-start=\"1805\" data-end=\"1925\"><strong data-start=\"1805\" data-end=\"1828\">Cookies analytiques<\/strong> : permettent d\u2019analyser le comportement des utilisateurs afin d\u2019am\u00e9liorer les services propos\u00e9s.<\/p>\n<p data-start=\"1928\" data-end=\"2030\"><strong data-start=\"1928\" data-end=\"1953\">Cookies publicitaires<\/strong> : optimisent la gestion des espaces publicitaires selon le contenu consult\u00e9.<\/p>\n<p data-start=\"2033\" data-end=\"2188\"><strong data-start=\"2033\" data-end=\"2073\">Cookies de publicit\u00e9 comportementale<\/strong> : recueillent des informations sur les pr\u00e9f\u00e9rences de l\u2019utilisateur pour personnaliser la publicit\u00e9 (retargeting).<\/p>\n<p data-start=\"2191\" data-end=\"2328\"><strong data-start=\"2191\" data-end=\"2210\">Cookies sociaux<\/strong> : permettent de partager du contenu via les r\u00e9seaux sociaux et peuvent suivre l\u2019activit\u00e9 en ligne sur d\u2019autres sites.<\/p>\n<p data-start=\"2331\" data-end=\"2416\"><strong data-start=\"2331\" data-end=\"2356\">Cookies d\u2019affiliation<\/strong> : suivent les visites provenant d&rsquo;autres sites partenaires.<\/p>\n<p data-start=\"2419\" data-end=\"2519\"><strong data-start=\"2419\" data-end=\"2442\">Cookies de s\u00e9curit\u00e9<\/strong> : stockent des informations crypt\u00e9es pour \u00e9viter les attaques malveillantes.<\/p>\n<p data-start=\"2526\" data-end=\"2573\"><strong data-start=\"2529\" data-end=\"2573\">TYPES DE COOKIES SELON LEUR PROPRI\u00c9TAIRE<\/strong><\/p>\n<p data-start=\"2577\" data-end=\"2642\"><strong data-start=\"2577\" data-end=\"2597\">Cookies internes<\/strong> : \u00e9mis depuis le domaine propre du site web.<\/p>\n<p data-start=\"2645\" data-end=\"2732\"><strong data-start=\"2645\" data-end=\"2662\">Cookies tiers<\/strong> : \u00e9mis depuis des domaines externes (ex. : prestataires de services).<\/p>\n<p data-start=\"2739\" data-end=\"2795\"><strong data-start=\"2742\" data-end=\"2795\">TYPES DE COOKIES SELON LEUR DUR\u00c9E DE CONSERVATION<\/strong><\/p>\n<p data-start=\"2799\" data-end=\"2863\"><strong data-start=\"2799\" data-end=\"2821\">Cookies de session<\/strong> : supprim\u00e9s \u00e0 la fermeture du navigateur.<\/p>\n<p data-start=\"2866\" data-end=\"2944\"><strong data-start=\"2866\" data-end=\"2889\">Cookies persistants<\/strong> : restent sur l&rsquo;appareil pendant une dur\u00e9e d\u00e9termin\u00e9e.<\/p>\n<p data-start=\"2951\" data-end=\"2993\"><strong data-start=\"2954\" data-end=\"2993\">TRAITEMENT DES DONN\u00c9ES PERSONNELLES<\/strong><\/p>\n<p data-start=\"2995\" data-end=\"3054\"><strong data-start=\"2995\" data-end=\"3024\">Responsable du traitement<\/strong> : ZARAGOZ\u00c1 MEDIENERCO, S.L.U.<\/p>\n<p data-start=\"3056\" data-end=\"3132\"><strong data-start=\"3056\" data-end=\"3068\">Finalit\u00e9<\/strong> : conform\u00e9ment aux cat\u00e9gories de cookies utilis\u00e9es sur le site.<\/p>\n<p data-start=\"3134\" data-end=\"3243\"><strong data-start=\"3134\" data-end=\"3149\">Base l\u00e9gale<\/strong> : consentement de l\u2019int\u00e9ress\u00e9 (art. 6.1 RGPD), sauf pour les cookies strictement n\u00e9cessaires.<\/p>\n<p data-start=\"3245\" data-end=\"3315\"><strong data-start=\"3245\" data-end=\"3270\">Dur\u00e9e de conservation<\/strong> : selon les cat\u00e9gories de cookies utilis\u00e9es.<\/p>\n<p data-start=\"3317\" data-end=\"3429\"><strong data-start=\"3317\" data-end=\"3334\">Destinataires<\/strong> : les donn\u00e9es ne seront pas communiqu\u00e9es \u00e0 des tiers, sauf cookies tiers ou obligation l\u00e9gale.<\/p>\n<p data-start=\"3431\" data-end=\"3460\"><strong data-start=\"3431\" data-end=\"3458\">Droits de l\u2019utilisateur<\/strong> :<\/p>\n<p data-start=\"3463\" data-end=\"3502\">&#8211; Retirer son consentement \u00e0 tout moment.<\/p>\n<p data-start=\"3505\" data-end=\"3577\">&#8211; Acc\u00e9der, rectifier, supprimer ou demander la portabilit\u00e9 de ses donn\u00e9es.<\/p>\n<p data-start=\"3580\" data-end=\"3617\">&#8211; S\u2019opposer ou limiter leur traitement.<\/p>\n<p data-start=\"3620\" data-end=\"3691\">&#8211; D\u00e9poser une r\u00e9clamation aupr\u00e8s de l\u2019autorit\u00e9 de contr\u00f4le (<a class=\"\" href=\"http:\/\/www.aepd.es\" target=\"_new\" rel=\"noopener\" data-start=\"3678\" data-end=\"3689\">www.aepd.es<\/a>).<\/p>\n<p data-start=\"3693\" data-end=\"3734\"><strong data-start=\"3693\" data-end=\"3732\">Coordonn\u00e9es pour exercer ses droits<\/strong> :<\/p>\n<p data-start=\"3736\" data-end=\"3856\">ZARAGOZ\u00c1 MEDIENERCO, S.L.U.<br data-start=\"3763\" data-end=\"3766\" \/>C\/ CRONISTA CARRERES, 11 3\u00ba A \u2013 46003 VAL\u00c8NCIA (Espagne)<br data-start=\"3822\" data-end=\"3825\" \/>E-mail: <a href=\"mailto:lopd@grupozaragoza.com\">lopd@grupozaragoza.com<\/a><\/p>\n<p>&nbsp;<\/p>\n<p style=\"text-align: center;\"><strong>COOKIES CONTR\u00d4L\u00c9S PAR L&rsquo;\u00c9DITEUR<\/strong><\/p>\n<p style=\"text-align: center;\"><strong>Techniques et fonctionnelles<\/strong><\/p>\n<table style=\"width: 100%; border: 1px solid #000; border-collapse: collapse;\">\n<thead>\n<tr>\n<th style=\"text-align: center; border: 1px solid #000;\">Domaine<\/th>\n<th style=\"text-align: center; border: 1px solid #000;\">Cookie<\/th>\n<th style=\"text-align: center; border: 1px solid #000;\">Finalit\u00e9<\/th>\n<th style=\"text-align: center; border: 1px solid #000;\">Dur\u00e9e<\/th>\n<\/tr>\n<\/thead>\n<tbody>\n<tr>\n<td style=\"text-align: center; border: 1px solid #000;\" data-label=\"Cookie key\">grupozaragoza.com<\/td>\n<td style=\"text-align: center; border: 1px solid #000;\" data-label=\"Domain\">cookieyesconsent<\/td>\n<td style=\"text-align: center; border: 1px solid #000;\" data-label=\"Path\">Cookie n\u00e9cessaire pour utiliser les services et options du site web<\/td>\n<td style=\"text-align: center; border: 1px solid #000;\" data-label=\"Cookie type\">10 mois<\/td>\n<\/tr>\n<\/tbody>\n<\/table>\n<p>&nbsp;<\/p>\n<p>&nbsp;<\/p>\n<p style=\"text-align: center;\"><strong>COOKIES TIERS<\/strong><\/p>\n<p>Les services de tiers sont hors du contr\u00f4le de l\u2019\u00e9diteur. Les fournisseurs peuvent modifier \u00e0 tout moment leurs conditions d\u2019utilisation.<\/p>\n<p style=\"text-align: left;\"><strong>Fournisseurs externes de ce site web:<\/strong><\/p>\n<table style=\"width: 100%; border: 1px solid #000; border-collapse: collapse;\">\n<thead>\n<tr>\n<th style=\"text-align: center; border: 1px solid #000;\"><span style=\"color: #808080;\">Aucun cookie tiers n\u2019est install\u00e9 sur ce site.<\/span><\/th>\n<\/tr>\n<\/thead>\n<\/table>\n<p>&nbsp;<\/p>\n<p>&nbsp;<\/p>\n<p style=\"text-align: center;\"><strong>PANNEAU DE CONFIGURATION DES COOKIES<\/strong><\/p>\n<p>Vous pouvez configurer les cookies que le site peut installer sur votre navigateur, \u00e0 l\u2019exception des cookies techniques ou fonctionnels n\u00e9cessaires \u00e0 la navigation.<\/p>\n<p style=\"text-align: center;\">Panneu des cookies<\/p>\n<p style=\"text-align: center;\"><strong>GESTION DES COOKIES DEPUIS LE NAVIGATEUR<\/strong><\/p>\n<table style=\"width: 100%; border: 1px solid #000; border-collapse: collapse;\">\n<thead><\/thead>\n<tbody>\n<tr>\n<td style=\"border: 1px solid #000000; text-align: left;\" data-label=\"Cookie key\"><strong>Supprimer les cookies <\/strong><\/td>\n<td style=\"border: 1px solid #000000; text-align: left;\" data-label=\"Domain\">Supprimez l\u2019historique du navigateur pour effacer tous les cookies, bien que certaines informations comme les identifiants enregistr\u00e9s puissent aussi \u00eatre perdues.<\/td>\n<\/tr>\n<tr>\n<td style=\"border: 1px solid #000000; text-align: left;\" data-label=\"Cookie key\"><strong>G\u00e9rer les cookies sp\u00e9cifiques <\/strong><\/td>\n<td style=\"border: 1px solid #000000; text-align: left;\" data-label=\"Domain\">Ajustez la configuration de confidentialit\u00e9 de votre navigateur pour g\u00e9rer les cookies site par site.<\/td>\n<\/tr>\n<tr>\n<td style=\"border: 1px solid #000000; text-align: left;\" data-label=\"Cookie key\"><strong>Bloquer les cookies<\/strong><\/td>\n<td style=\"border: 1px solid #000000; text-align: left;\" data-label=\"Domain\">Bien que la plupart des navigateurs modernes puissent \u00eatre configur\u00e9s pour emp\u00eacher l\u2019installation de cookies sur les appareils, cela peut n\u00e9cessiter le r\u00e9glage manuel de certaines pr\u00e9f\u00e9rences \u00e0 chaque visite d\u2019un site ou d\u2019une page.<br \/>\nDe plus, certains services et fonctionnalit\u00e9s peuvent ne pas fonctionner correctement (par exemple, la connexion via un profil utilisateur).<\/td>\n<\/tr>\n<\/tbody>\n<\/table>\n<p>&nbsp;<\/p>\n<p style=\"text-align: center;\"><strong>SUPPRESSION DES COOKIES SELON LE NAVIGATEUR<\/strong><\/p>\n<table style=\"width: 100%; border: 1px solid #000; border-collapse: collapse;\">\n<thead><\/thead>\n<tbody>\n<tr>\n<td style=\"border: 1px solid #000000; text-align: left;\" data-label=\"Cookie key\"><strong>Chrome<\/strong><\/td>\n<td style=\"border: 1px solid #000000; text-align: left;\" data-label=\"Domain\"><a href=\"http:\/\/support.google.com\/chrome\/answer\/95647?hl=es\">http:\/\/support.google.com\/chrome\/answer\/95647?hl=es<\/a><\/td>\n<\/tr>\n<tr>\n<td style=\"border: 1px solid #000000; text-align: left;\" data-label=\"Cookie key\"><strong>Edge<\/strong><\/td>\n<td style=\"border: 1px solid #000000; text-align: left;\" data-label=\"Domain\"><a href=\"https:\/\/support.microsoft.com\/es-es\/microsoft-edge\/eliminar-las-cookies-en-microsoft-edge-63947406-40ac-c3b8-57b9-2a946a29ae09\"> https:\/\/support.microsoft.com\/es-es\/microsoft-edge\/eliminar-las-cookies-en-microsoft-edge-63947406-40ac-c3b8-57b9-2a946a29ae09<\/a><\/td>\n<\/tr>\n<tr>\n<td style=\"border: 1px solid #000000; text-align: left;\" data-label=\"Cookie key\"><strong>Explorer<\/strong><\/td>\n<td style=\"border: 1px solid #000000; text-align: left;\" data-label=\"Domain\"><a href=\"https:\/\/support.microsoft.com\/es-es\/help\/278835\/how-to-delete-cookie-files-in-internet-explorer\"> https:\/\/support.microsoft.com\/es-es\/help\/278835\/how-to-delete-cookie-files-in-internet-explorer\u00a0<\/a><\/td>\n<\/tr>\n<tr>\n<td style=\"border: 1px solid #000000; text-align: left;\" data-label=\"Cookie key\"><strong>Firefox<\/strong><\/td>\n<td style=\"border: 1px solid #000000; text-align: left;\" data-label=\"Domain\"><a href=\"https:\/\/www.mozilla.org\/es-ES\/privacy\/websites\/#cookies\"> https:\/\/www.mozilla.org\/es-ES\/privacy\/websites\/#cookies<\/a><\/td>\n<\/tr>\n<tr>\n<td style=\"border: 1px solid #000000; text-align: left;\" data-label=\"Cookie key\"><strong>Safari<\/strong><\/td>\n<td style=\"border: 1px solid #000000; text-align: left;\" data-label=\"Domain\"><a href=\"https:\/\/support.apple.com\/es-es\/guide\/safari\/sfri11471\/mac\"> https:\/\/support.apple.com\/es-es\/guide\/safari\/sfri11471\/mac<\/a><\/td>\n<\/tr>\n<tr>\n<td style=\"border: 1px solid #000000; text-align: left;\" data-label=\"Cookie key\"><strong>Opera<\/strong><\/td>\n<td style=\"border: 1px solid #000000; text-align: left;\" data-label=\"Domain\"><a href=\"https:\/\/help.opera.com\/en\/latest\/security-and-privacy\/#clearBrowsingData\"> https:\/\/help.opera.com\/en\/latest\/security-and-privacy\/#clearBrowsingData<\/a><\/td>\n<\/tr>\n<\/tbody>\n<\/table>\n<p>[\/vc_column_text][\/vc_column][\/vc_row]<\/p>\n<\/div>","protected":false},"excerpt":{"rendered":"<p>[vc_row css_animation=\u00a0\u00bb\u00a0\u00bb row_type=\u00a0\u00bbrow\u00a0\u00bb use_row_as_full_screen_section=\u00a0\u00bbno\u00a0\u00bb type=\u00a0\u00bbfull_width\u00a0\u00bb angled_section=\u00a0\u00bbno\u00a0\u00bb text_align=\u00a0\u00bbleft\u00a0\u00bb background_image_as_pattern=\u00a0\u00bbwithout_pattern\u00a0\u00bb][vc_column][vc_column_text] INFORMATION SUR LES COOKIES Conform\u00e9ment \u00e0 la Loi 34\/2002 du 11 juillet sur les services de la soci\u00e9t\u00e9 de l&rsquo;information et du commerce \u00e9lectronique (LSSI), au R\u00e8glement (UE) 2016\/679 du Parlement europ\u00e9en et du Conseil du 27&#8230;<\/p>\n","protected":false},"author":4,"featured_media":0,"parent":0,"menu_order":0,"comment_status":"closed","ping_status":"closed","template":"","meta":{"_acf_changed":false,"footnotes":""},"class_list":["post-8891","page","type-page","status-publish","hentry"],"acf":[],"yoast_head":"<!-- This site is optimized with the Yoast SEO plugin v26.8 - https:\/\/yoast.com\/product\/yoast-seo-wordpress\/ -->\n<title>Politique de cookie - GRUPO ZARAGOZ\u00c1<\/title>\n<meta name=\"robots\" content=\"index, follow, max-snippet:-1, max-image-preview:large, max-video-preview:-1\" \/>\n<link rel=\"canonical\" href=\"https:\/\/www.grupozaragoza.com\/fr\/politique-de-cookie\/\" \/>\n<meta property=\"og:locale\" content=\"fr_FR\" \/>\n<meta property=\"og:type\" content=\"article\" \/>\n<meta property=\"og:title\" content=\"Politique de cookie - GRUPO ZARAGOZ\u00c1\" \/>\n<meta property=\"og:description\" content=\"[vc_row css_animation=\u00a0\u00bb\u00a0\u00bb row_type=\u00a0\u00bbrow\u00a0\u00bb use_row_as_full_screen_section=\u00a0\u00bbno\u00a0\u00bb type=\u00a0\u00bbfull_width\u00a0\u00bb angled_section=\u00a0\u00bbno\u00a0\u00bb text_align=\u00a0\u00bbleft\u00a0\u00bb background_image_as_pattern=\u00a0\u00bbwithout_pattern\u00a0\u00bb][vc_column][vc_column_text] INFORMATION SUR LES COOKIES Conform\u00e9ment \u00e0 la Loi 34\/2002 du 11 juillet sur les services de la soci\u00e9t\u00e9 de l&rsquo;information et du commerce \u00e9lectronique (LSSI), au R\u00e8glement (UE) 2016\/679 du Parlement europ\u00e9en et du Conseil du 27...\" \/>\n<meta property=\"og:url\" content=\"https:\/\/www.grupozaragoza.com\/fr\/politique-de-cookie\/\" \/>\n<meta property=\"og:site_name\" content=\"GRUPO ZARAGOZ\u00c1\" \/>\n<meta property=\"article:modified_time\" content=\"2025-05-20T10:26:31+00:00\" \/>\n<meta name=\"twitter:card\" content=\"summary_large_image\" \/>\n<meta name=\"twitter:label1\" content=\"Dur\u00e9e de lecture estim\u00e9e\" \/>\n\t<meta name=\"twitter:data1\" content=\"4 minutes\" \/>\n<script type=\"application\/ld+json\" class=\"yoast-schema-graph\">{\"@context\":\"https:\/\/schema.org\",\"@graph\":[{\"@type\":\"WebPage\",\"@id\":\"https:\/\/www.grupozaragoza.com\/fr\/politique-de-cookie\/\",\"url\":\"https:\/\/www.grupozaragoza.com\/fr\/politique-de-cookie\/\",\"name\":\"Politique de cookie - GRUPO ZARAGOZ\u00c1\",\"isPartOf\":{\"@id\":\"https:\/\/www.grupozaragoza.com\/#website\"},\"datePublished\":\"2018-08-03T08:14:57+00:00\",\"dateModified\":\"2025-05-20T10:26:31+00:00\",\"breadcrumb\":{\"@id\":\"https:\/\/www.grupozaragoza.com\/fr\/politique-de-cookie\/#breadcrumb\"},\"inLanguage\":\"fr-FR\",\"potentialAction\":[{\"@type\":\"ReadAction\",\"target\":[\"https:\/\/www.grupozaragoza.com\/fr\/politique-de-cookie\/\"]}]},{\"@type\":\"BreadcrumbList\",\"@id\":\"https:\/\/www.grupozaragoza.com\/fr\/politique-de-cookie\/#breadcrumb\",\"itemListElement\":[{\"@type\":\"ListItem\",\"position\":1,\"name\":\"Portada\",\"item\":\"https:\/\/www.grupozaragoza.com\/fr\/\"},{\"@type\":\"ListItem\",\"position\":2,\"name\":\"Politique de cookie\"}]},{\"@type\":\"WebSite\",\"@id\":\"https:\/\/www.grupozaragoza.com\/#website\",\"url\":\"https:\/\/www.grupozaragoza.com\/\",\"name\":\"GRUPO ZARAGOZ\u00c1\",\"description\":\"Ingenieria &amp; Arquitectura Creativa\",\"publisher\":{\"@id\":\"https:\/\/www.grupozaragoza.com\/#organization\"},\"potentialAction\":[{\"@type\":\"SearchAction\",\"target\":{\"@type\":\"EntryPoint\",\"urlTemplate\":\"https:\/\/www.grupozaragoza.com\/?s={search_term_string}\"},\"query-input\":{\"@type\":\"PropertyValueSpecification\",\"valueRequired\":true,\"valueName\":\"search_term_string\"}}],\"inLanguage\":\"fr-FR\"},{\"@type\":\"Organization\",\"@id\":\"https:\/\/www.grupozaragoza.com\/#organization\",\"name\":\"GRUPO ZARAGOZ\u00c1\",\"url\":\"https:\/\/www.grupozaragoza.com\/\",\"logo\":{\"@type\":\"ImageObject\",\"inLanguage\":\"fr-FR\",\"@id\":\"https:\/\/www.grupozaragoza.com\/#\/schema\/logo\/image\/\",\"url\":\"https:\/\/www.grupozaragoza.com\/wp-content\/uploads\/2017\/08\/logo_zaragoza.png\",\"contentUrl\":\"https:\/\/www.grupozaragoza.com\/wp-content\/uploads\/2017\/08\/logo_zaragoza.png\",\"width\":676,\"height\":180,\"caption\":\"GRUPO ZARAGOZ\u00c1\"},\"image\":{\"@id\":\"https:\/\/www.grupozaragoza.com\/#\/schema\/logo\/image\/\"},\"sameAs\":[\"https:\/\/www.linkedin.com\/company\/grupozaragoza\/\",\"https:\/\/www.instagram.com\/grupozaragoza_com\/\"]}]}<\/script>\n<!-- \/ Yoast SEO plugin. -->","yoast_head_json":{"title":"Politique de cookie - GRUPO ZARAGOZ\u00c1","robots":{"index":"index","follow":"follow","max-snippet":"max-snippet:-1","max-image-preview":"max-image-preview:large","max-video-preview":"max-video-preview:-1"},"canonical":"https:\/\/www.grupozaragoza.com\/fr\/politique-de-cookie\/","og_locale":"fr_FR","og_type":"article","og_title":"Politique de cookie - GRUPO ZARAGOZ\u00c1","og_description":"[vc_row css_animation=\u00a0\u00bb\u00a0\u00bb row_type=\u00a0\u00bbrow\u00a0\u00bb use_row_as_full_screen_section=\u00a0\u00bbno\u00a0\u00bb type=\u00a0\u00bbfull_width\u00a0\u00bb angled_section=\u00a0\u00bbno\u00a0\u00bb text_align=\u00a0\u00bbleft\u00a0\u00bb background_image_as_pattern=\u00a0\u00bbwithout_pattern\u00a0\u00bb][vc_column][vc_column_text] INFORMATION SUR LES COOKIES Conform\u00e9ment \u00e0 la Loi 34\/2002 du 11 juillet sur les services de la soci\u00e9t\u00e9 de l&rsquo;information et du commerce \u00e9lectronique (LSSI), au R\u00e8glement (UE) 2016\/679 du Parlement europ\u00e9en et du Conseil du 27...","og_url":"https:\/\/www.grupozaragoza.com\/fr\/politique-de-cookie\/","og_site_name":"GRUPO ZARAGOZ\u00c1","article_modified_time":"2025-05-20T10:26:31+00:00","twitter_card":"summary_large_image","twitter_misc":{"Dur\u00e9e de lecture estim\u00e9e":"4 minutes"},"schema":{"@context":"https:\/\/schema.org","@graph":[{"@type":"WebPage","@id":"https:\/\/www.grupozaragoza.com\/fr\/politique-de-cookie\/","url":"https:\/\/www.grupozaragoza.com\/fr\/politique-de-cookie\/","name":"Politique de cookie - GRUPO ZARAGOZ\u00c1","isPartOf":{"@id":"https:\/\/www.grupozaragoza.com\/#website"},"datePublished":"2018-08-03T08:14:57+00:00","dateModified":"2025-05-20T10:26:31+00:00","breadcrumb":{"@id":"https:\/\/www.grupozaragoza.com\/fr\/politique-de-cookie\/#breadcrumb"},"inLanguage":"fr-FR","potentialAction":[{"@type":"ReadAction","target":["https:\/\/www.grupozaragoza.com\/fr\/politique-de-cookie\/"]}]},{"@type":"BreadcrumbList","@id":"https:\/\/www.grupozaragoza.com\/fr\/politique-de-cookie\/#breadcrumb","itemListElement":[{"@type":"ListItem","position":1,"name":"Portada","item":"https:\/\/www.grupozaragoza.com\/fr\/"},{"@type":"ListItem","position":2,"name":"Politique de cookie"}]},{"@type":"WebSite","@id":"https:\/\/www.grupozaragoza.com\/#website","url":"https:\/\/www.grupozaragoza.com\/","name":"GRUPO ZARAGOZ\u00c1","description":"Ingenieria &amp; Arquitectura Creativa","publisher":{"@id":"https:\/\/www.grupozaragoza.com\/#organization"},"potentialAction":[{"@type":"SearchAction","target":{"@type":"EntryPoint","urlTemplate":"https:\/\/www.grupozaragoza.com\/?s={search_term_string}"},"query-input":{"@type":"PropertyValueSpecification","valueRequired":true,"valueName":"search_term_string"}}],"inLanguage":"fr-FR"},{"@type":"Organization","@id":"https:\/\/www.grupozaragoza.com\/#organization","name":"GRUPO ZARAGOZ\u00c1","url":"https:\/\/www.grupozaragoza.com\/","logo":{"@type":"ImageObject","inLanguage":"fr-FR","@id":"https:\/\/www.grupozaragoza.com\/#\/schema\/logo\/image\/","url":"https:\/\/www.grupozaragoza.com\/wp-content\/uploads\/2017\/08\/logo_zaragoza.png","contentUrl":"https:\/\/www.grupozaragoza.com\/wp-content\/uploads\/2017\/08\/logo_zaragoza.png","width":676,"height":180,"caption":"GRUPO ZARAGOZ\u00c1"},"image":{"@id":"https:\/\/www.grupozaragoza.com\/#\/schema\/logo\/image\/"},"sameAs":["https:\/\/www.linkedin.com\/company\/grupozaragoza\/","https:\/\/www.instagram.com\/grupozaragoza_com\/"]}]}},"_links":{"self":[{"href":"https:\/\/www.grupozaragoza.com\/fr\/wp-json\/wp\/v2\/pages\/8891","targetHints":{"allow":["GET"]}}],"collection":[{"href":"https:\/\/www.grupozaragoza.com\/fr\/wp-json\/wp\/v2\/pages"}],"about":[{"href":"https:\/\/www.grupozaragoza.com\/fr\/wp-json\/wp\/v2\/types\/page"}],"author":[{"embeddable":true,"href":"https:\/\/www.grupozaragoza.com\/fr\/wp-json\/wp\/v2\/users\/4"}],"replies":[{"embeddable":true,"href":"https:\/\/www.grupozaragoza.com\/fr\/wp-json\/wp\/v2\/comments?post=8891"}],"version-history":[{"count":7,"href":"https:\/\/www.grupozaragoza.com\/fr\/wp-json\/wp\/v2\/pages\/8891\/revisions"}],"predecessor-version":[{"id":12178,"href":"https:\/\/www.grupozaragoza.com\/fr\/wp-json\/wp\/v2\/pages\/8891\/revisions\/12178"}],"wp:attachment":[{"href":"https:\/\/www.grupozaragoza.com\/fr\/wp-json\/wp\/v2\/media?parent=8891"}],"curies":[{"name":"wp","href":"https:\/\/api.w.org\/{rel}","templated":true}]}}