{"id":2427,"date":"2017-07-17T12:43:01","date_gmt":"2017-07-17T12:43:01","guid":{"rendered":"http:\/\/www.grupozaragoza.com\/energias-renovables\/desarrollo\/"},"modified":"2025-04-22T12:29:00","modified_gmt":"2025-04-22T11:29:00","slug":"developpement","status":"publish","type":"page","link":"https:\/\/www.grupozaragoza.com\/fr\/energie-renouvelable\/developpement\/","title":{"rendered":"D\u00e9veloppement"},"content":{"rendered":"<div class=\"wpb-content-wrapper\"><p>[vc_row css_animation=\u00a0\u00bb\u00a0\u00bb row_type=\u00a0\u00bbrow\u00a0\u00bb use_row_as_full_screen_section=\u00a0\u00bbno\u00a0\u00bb type=\u00a0\u00bbgrid\u00a0\u00bb angled_section=\u00a0\u00bbno\u00a0\u00bb text_align=\u00a0\u00bbleft\u00a0\u00bb background_image_as_pattern=\u00a0\u00bbwithout_pattern\u00a0\u00bb el_class=\u00a0\u00bbmod_block pt_40 sectionTable\u00a0\u00bb][vc_column offset=\u00a0\u00bbvc_col-lg-6 vc_col-md-12&Prime;]<div class=\"qode_video_box\"><a itemprop=\"image\" class=\"qode_video_image\" href=\"https:\/\/youtu.be\/nh081nujhlQ\" data-rel=\"prettyPhoto\"><img loading=\"lazy\" decoding=\"async\" width=\"1603\" height=\"902\" src=\"https:\/\/www.grupozaragoza.com\/wp-content\/uploads\/2017\/07\/video_sreenshot.jpg\" class=\"attachment-full size-full\" alt=\"\" srcset=\"https:\/\/www.grupozaragoza.com\/wp-content\/uploads\/2017\/07\/video_sreenshot.jpg 1603w, https:\/\/www.grupozaragoza.com\/wp-content\/uploads\/2017\/07\/video_sreenshot-300x169.jpg 300w, https:\/\/www.grupozaragoza.com\/wp-content\/uploads\/2017\/07\/video_sreenshot-768x432.jpg 768w, https:\/\/www.grupozaragoza.com\/wp-content\/uploads\/2017\/07\/video_sreenshot-1024x576.jpg 1024w, https:\/\/www.grupozaragoza.com\/wp-content\/uploads\/2017\/07\/video_sreenshot-700x394.jpg 700w, https:\/\/www.grupozaragoza.com\/wp-content\/uploads\/2017\/07\/video_sreenshot-539x303.jpg 539w\" sizes=\"auto, (max-width: 1603px) 100vw, 1603px\" \/><span class=\"qode_video_box_button_holder\"><span class=\"qode_video_box_button\"><span class=\"qode_video_box_button_arrow\"><\/span><\/span><\/span><\/a><\/div>[\/vc_column][vc_column offset=\u00a0\u00bbvc_col-lg-offset-0 vc_col-lg-6 vc_col-md-offset-0 vc_col-md-12 vc_col-sm-offset-0 vc_col-xs-12&Prime;][vc_column_text]<\/p>\n<h4 style=\"text-align: center;\">Le GRUPO ZARAGOZ\u00c1\u00a0offre diff\u00e9rents services de d\u00e9veloppement de projets qui servent comme support aux investisseurs comme aux clients particuliers ou gouvernements dans l\u2019obtention de leurs objectifs \u00e9nerg\u00e9tiques.<\/h4>\n<p>[vc_separator type=&rsquo;small&rsquo; position=&rsquo;center&rsquo; color=&rsquo;#dd5f5f&rsquo; thickness=\u00a0\u00bb up=\u00a0\u00bb down=\u00a0\u00bb]<\/p>\n<p style=\"text-align: center;\">Une \u00e9quipe hautement qualifi\u00e9e d\u2019ing\u00e9nieurs, de designers et de professionnels de la finance qui d\u00e9veloppe des projets complets, depuis le commencement jusqu\u2019\u00e0 sa connexion au r\u00e9seau, et en m\u00eame temps elle assure l\u2019obtention de subventions gouvernementales ou d\u2019Accord d\u2019Achat d\u2019\u00c9nergie (PPA), en garantissant ainsi le rendement de ses investissements.<\/p>\n<p>[\/vc_column_text][\/vc_column][\/vc_row][vc_row css_animation=\u00a0\u00bb\u00a0\u00bb row_type=\u00a0\u00bbrow\u00a0\u00bb use_row_as_full_screen_section=\u00a0\u00bbyes\u00a0\u00bb type=\u00a0\u00bbgrid\u00a0\u00bb angled_section=\u00a0\u00bbno\u00a0\u00bb text_align=\u00a0\u00bbcenter\u00a0\u00bb background_image=\u00a0\u00bb2635&Prime; background_image_as_pattern=\u00a0\u00bbwithout_pattern\u00a0\u00bb background_color=\u00a0\u00bb#f4f4f4&Prime; el_class=\u00a0\u00bbmod_block bg_opacity\u00a0\u00bb][vc_column][vc_column_text]<\/p>\n<h3><strong>Dans la phase d&rsquo;\u00e9tude et de d\u00e9veloppement de projets, on comprend :<\/strong><\/h3>\n<p>[\/vc_column_text][vc_separator type=\u00a0\u00bbtransparent\u00a0\u00bb up=\u00a0\u00bb30&Prime;][vc_row_inner row_type=\u00a0\u00bbrow\u00a0\u00bb type=\u00a0\u00bbgrid\u00a0\u00bb text_align=\u00a0\u00bbleft\u00a0\u00bb css_animation=\u00a0\u00bb\u00a0\u00bb el_class=\u00a0\u00bbwrapper-list-col-2 sectionTable\u00a0\u00bb][vc_column_inner width=\u00a0\u00bb1\/2&Prime; css=\u00a0\u00bb.vc_custom_1502260795678{margin-bottom: 20px !important;}\u00a0\u00bb][vc_column_text el_class=\u00a0\u00bblistado-fase-estudio-desarrollo\u00a0\u00bb]<\/p>\n<ul>\n<li>S\u00e9lection, analyse et \u00e9tude des caract\u00e9ristiques locales et du terrain<\/li>\n<li>\u00c9tude de faisabilit\u00e9 de l\u2019\u00e9vacuation de l&rsquo;\u00e9nergie g\u00e9n\u00e9r\u00e9e<\/li>\n<li>\u00c9tude de la production potentielle<\/li>\n<\/ul>\n<p>[\/vc_column_text][\/vc_column_inner][vc_column_inner width=\u00a0\u00bb1\/2&Prime;][vc_column_text el_class=\u00a0\u00bblistado-fase-estudio-desarrollo\u00a0\u00bb]<\/p>\n<ul>\n<li>\u00c9tude de faisabilit\u00e9 technique<\/li>\n<li>\u00c9tude de faisabilit\u00e9 financi\u00e8re<\/li>\n<li>Etude l\u00e9gislative et le traitement des permis et autorisations<\/li>\n<\/ul>\n<p>[\/vc_column_text][\/vc_column_inner][\/vc_row_inner][\/vc_column][\/vc_row][vc_row css_animation=\u00a0\u00bb\u00a0\u00bb row_type=\u00a0\u00bbrow\u00a0\u00bb use_row_as_full_screen_section=\u00a0\u00bbyes\u00a0\u00bb type=\u00a0\u00bbgrid\u00a0\u00bb angled_section=\u00a0\u00bbno\u00a0\u00bb text_align=\u00a0\u00bbcenter\u00a0\u00bb background_image_as_pattern=\u00a0\u00bbwithout_pattern\u00a0\u00bb el_class=\u00a0\u00bbmod_block sectionTable\u00a0\u00bb][vc_column offset=\u00a0\u00bbvc_col-lg-6&Prime;][vc_separator type=\u00a0\u00bbtransparent\u00a0\u00bb up=\u00a0\u00bb30&Prime;][vc_column_text]<strong>Notre Groupe a un savoir-faire et un \u00e9quipe humaine qui s\u2019adapte aux besoins de chaque client<\/strong>, en d\u00e9veloppant ses installations avec designs et conceptions personnalis\u00e9es. Nos projets optimisent la fiabilit\u00e9 et la productivit\u00e9 de toutes nos centrales. Ce souci du d\u00e9tail et de la perfection est la base de notre r\u00e9putation.[\/vc_column_text][\/vc_column][vc_column offset=\u00a0\u00bbvc_col-lg-6&Prime;][vc_single_image image=\u00a0\u00bb12080&Prime; img_size=\u00a0\u00bbfull\u00a0\u00bb qode_css_animation=\u00a0\u00bb\u00a0\u00bb][\/vc_column][\/vc_row][vc_row css_animation=\u00a0\u00bb\u00a0\u00bb row_type=\u00a0\u00bbrow\u00a0\u00bb use_row_as_full_screen_section=\u00a0\u00bbno\u00a0\u00bb type=\u00a0\u00bbfull_width\u00a0\u00bb angled_section=\u00a0\u00bbno\u00a0\u00bb text_align=\u00a0\u00bbleft\u00a0\u00bb background_image_as_pattern=\u00a0\u00bbwithout_pattern\u00a0\u00bb][vc_column][vc_separator type=\u00a0\u00bbtransparent\u00a0\u00bb down=\u00a0\u00bb60&Prime;][\/vc_column][\/vc_row]<\/p>\n<\/div>","protected":false},"excerpt":{"rendered":"<p>[vc_row css_animation=\u00a0\u00bb\u00a0\u00bb row_type=\u00a0\u00bbrow\u00a0\u00bb use_row_as_full_screen_section=\u00a0\u00bbno\u00a0\u00bb type=\u00a0\u00bbgrid\u00a0\u00bb angled_section=\u00a0\u00bbno\u00a0\u00bb text_align=\u00a0\u00bbleft\u00a0\u00bb background_image_as_pattern=\u00a0\u00bbwithout_pattern\u00a0\u00bb el_class=\u00a0\u00bbmod_block pt_40 sectionTable\u00a0\u00bb][vc_column offset=\u00a0\u00bbvc_col-lg-6 vc_col-md-12&Prime;][\/vc_column][vc_column offset=\u00a0\u00bbvc_col-lg-offset-0 vc_col-lg-6 vc_col-md-offset-0 vc_col-md-12 vc_col-sm-offset-0 vc_col-xs-12&Prime;][vc_column_text] Le GRUPO ZARAGOZ\u00c1\u00a0offre diff\u00e9rents services de d\u00e9veloppement de projets qui servent comme support aux investisseurs comme aux clients particuliers ou gouvernements dans l\u2019obtention de leurs objectifs&#8230;<\/p>\n","protected":false},"author":4,"featured_media":0,"parent":2421,"menu_order":0,"comment_status":"closed","ping_status":"closed","template":"full_width.php","meta":{"_acf_changed":false,"footnotes":""},"class_list":["post-2427","page","type-page","status-publish","hentry"],"acf":[],"yoast_head":"<!-- This site is optimized with the Yoast SEO plugin v26.8 - https:\/\/yoast.com\/product\/yoast-seo-wordpress\/ -->\n<title>D\u00e9veloppement - GRUPO ZARAGOZ\u00c1<\/title>\n<meta name=\"robots\" content=\"index, follow, max-snippet:-1, max-image-preview:large, max-video-preview:-1\" \/>\n<link rel=\"canonical\" href=\"https:\/\/www.grupozaragoza.com\/fr\/energie-renouvelable\/developpement\/\" \/>\n<meta property=\"og:locale\" content=\"fr_FR\" \/>\n<meta property=\"og:type\" content=\"article\" \/>\n<meta property=\"og:title\" content=\"D\u00e9veloppement - GRUPO ZARAGOZ\u00c1\" \/>\n<meta property=\"og:description\" content=\"[vc_row css_animation=\u00a0\u00bb\u00a0\u00bb row_type=\u00a0\u00bbrow\u00a0\u00bb use_row_as_full_screen_section=\u00a0\u00bbno\u00a0\u00bb type=\u00a0\u00bbgrid\u00a0\u00bb angled_section=\u00a0\u00bbno\u00a0\u00bb text_align=\u00a0\u00bbleft\u00a0\u00bb background_image_as_pattern=\u00a0\u00bbwithout_pattern\u00a0\u00bb el_class=\u00a0\u00bbmod_block pt_40 sectionTable\u00a0\u00bb][vc_column offset=\u00a0\u00bbvc_col-lg-6 vc_col-md-12&Prime;][\/vc_column][vc_column offset=\u00a0\u00bbvc_col-lg-offset-0 vc_col-lg-6 vc_col-md-offset-0 vc_col-md-12 vc_col-sm-offset-0 vc_col-xs-12&Prime;][vc_column_text] Le GRUPO ZARAGOZ\u00c1\u00a0offre diff\u00e9rents services de d\u00e9veloppement de projets qui servent comme support aux investisseurs comme aux clients particuliers ou gouvernements dans l\u2019obtention de leurs objectifs...\" \/>\n<meta property=\"og:url\" content=\"https:\/\/www.grupozaragoza.com\/fr\/energie-renouvelable\/developpement\/\" \/>\n<meta property=\"og:site_name\" content=\"GRUPO ZARAGOZ\u00c1\" \/>\n<meta property=\"article:modified_time\" content=\"2025-04-22T11:29:00+00:00\" \/>\n<meta name=\"twitter:card\" content=\"summary_large_image\" \/>\n<meta name=\"twitter:label1\" content=\"Dur\u00e9e de lecture estim\u00e9e\" \/>\n\t<meta name=\"twitter:data1\" content=\"2 minutes\" \/>\n<script type=\"application\/ld+json\" class=\"yoast-schema-graph\">{\"@context\":\"https:\/\/schema.org\",\"@graph\":[{\"@type\":\"WebPage\",\"@id\":\"https:\/\/www.grupozaragoza.com\/fr\/energie-renouvelable\/developpement\/\",\"url\":\"https:\/\/www.grupozaragoza.com\/fr\/energie-renouvelable\/developpement\/\",\"name\":\"D\u00e9veloppement - GRUPO ZARAGOZ\u00c1\",\"isPartOf\":{\"@id\":\"https:\/\/www.grupozaragoza.com\/#website\"},\"datePublished\":\"2017-07-17T12:43:01+00:00\",\"dateModified\":\"2025-04-22T11:29:00+00:00\",\"breadcrumb\":{\"@id\":\"https:\/\/www.grupozaragoza.com\/fr\/energie-renouvelable\/developpement\/#breadcrumb\"},\"inLanguage\":\"fr-FR\",\"potentialAction\":[{\"@type\":\"ReadAction\",\"target\":[\"https:\/\/www.grupozaragoza.com\/fr\/energie-renouvelable\/developpement\/\"]}]},{\"@type\":\"BreadcrumbList\",\"@id\":\"https:\/\/www.grupozaragoza.com\/fr\/energie-renouvelable\/developpement\/#breadcrumb\",\"itemListElement\":[{\"@type\":\"ListItem\",\"position\":1,\"name\":\"Portada\",\"item\":\"https:\/\/www.grupozaragoza.com\/fr\/\"},{\"@type\":\"ListItem\",\"position\":2,\"name\":\"Energie Renouvelable\",\"item\":\"https:\/\/www.grupozaragoza.com\/fr\/energie-renouvelable\/\"},{\"@type\":\"ListItem\",\"position\":3,\"name\":\"D\u00e9veloppement\"}]},{\"@type\":\"WebSite\",\"@id\":\"https:\/\/www.grupozaragoza.com\/#website\",\"url\":\"https:\/\/www.grupozaragoza.com\/\",\"name\":\"GRUPO ZARAGOZ\u00c1\",\"description\":\"Ingenieria &amp; Arquitectura Creativa\",\"publisher\":{\"@id\":\"https:\/\/www.grupozaragoza.com\/#organization\"},\"potentialAction\":[{\"@type\":\"SearchAction\",\"target\":{\"@type\":\"EntryPoint\",\"urlTemplate\":\"https:\/\/www.grupozaragoza.com\/?s={search_term_string}\"},\"query-input\":{\"@type\":\"PropertyValueSpecification\",\"valueRequired\":true,\"valueName\":\"search_term_string\"}}],\"inLanguage\":\"fr-FR\"},{\"@type\":\"Organization\",\"@id\":\"https:\/\/www.grupozaragoza.com\/#organization\",\"name\":\"GRUPO ZARAGOZ\u00c1\",\"url\":\"https:\/\/www.grupozaragoza.com\/\",\"logo\":{\"@type\":\"ImageObject\",\"inLanguage\":\"fr-FR\",\"@id\":\"https:\/\/www.grupozaragoza.com\/#\/schema\/logo\/image\/\",\"url\":\"https:\/\/www.grupozaragoza.com\/wp-content\/uploads\/2017\/08\/logo_zaragoza.png\",\"contentUrl\":\"https:\/\/www.grupozaragoza.com\/wp-content\/uploads\/2017\/08\/logo_zaragoza.png\",\"width\":676,\"height\":180,\"caption\":\"GRUPO ZARAGOZ\u00c1\"},\"image\":{\"@id\":\"https:\/\/www.grupozaragoza.com\/#\/schema\/logo\/image\/\"},\"sameAs\":[\"https:\/\/www.linkedin.com\/company\/grupozaragoza\/\",\"https:\/\/www.instagram.com\/grupozaragoza_com\/\"]}]}<\/script>\n<!-- \/ Yoast SEO plugin. -->","yoast_head_json":{"title":"D\u00e9veloppement - GRUPO ZARAGOZ\u00c1","robots":{"index":"index","follow":"follow","max-snippet":"max-snippet:-1","max-image-preview":"max-image-preview:large","max-video-preview":"max-video-preview:-1"},"canonical":"https:\/\/www.grupozaragoza.com\/fr\/energie-renouvelable\/developpement\/","og_locale":"fr_FR","og_type":"article","og_title":"D\u00e9veloppement - GRUPO ZARAGOZ\u00c1","og_description":"[vc_row css_animation=\u00a0\u00bb\u00a0\u00bb row_type=\u00a0\u00bbrow\u00a0\u00bb use_row_as_full_screen_section=\u00a0\u00bbno\u00a0\u00bb type=\u00a0\u00bbgrid\u00a0\u00bb angled_section=\u00a0\u00bbno\u00a0\u00bb text_align=\u00a0\u00bbleft\u00a0\u00bb background_image_as_pattern=\u00a0\u00bbwithout_pattern\u00a0\u00bb el_class=\u00a0\u00bbmod_block pt_40 sectionTable\u00a0\u00bb][vc_column offset=\u00a0\u00bbvc_col-lg-6 vc_col-md-12&Prime;][\/vc_column][vc_column offset=\u00a0\u00bbvc_col-lg-offset-0 vc_col-lg-6 vc_col-md-offset-0 vc_col-md-12 vc_col-sm-offset-0 vc_col-xs-12&Prime;][vc_column_text] Le GRUPO ZARAGOZ\u00c1\u00a0offre diff\u00e9rents services de d\u00e9veloppement de projets qui servent comme support aux investisseurs comme aux clients particuliers ou gouvernements dans l\u2019obtention de leurs objectifs...","og_url":"https:\/\/www.grupozaragoza.com\/fr\/energie-renouvelable\/developpement\/","og_site_name":"GRUPO ZARAGOZ\u00c1","article_modified_time":"2025-04-22T11:29:00+00:00","twitter_card":"summary_large_image","twitter_misc":{"Dur\u00e9e de lecture estim\u00e9e":"2 minutes"},"schema":{"@context":"https:\/\/schema.org","@graph":[{"@type":"WebPage","@id":"https:\/\/www.grupozaragoza.com\/fr\/energie-renouvelable\/developpement\/","url":"https:\/\/www.grupozaragoza.com\/fr\/energie-renouvelable\/developpement\/","name":"D\u00e9veloppement - GRUPO ZARAGOZ\u00c1","isPartOf":{"@id":"https:\/\/www.grupozaragoza.com\/#website"},"datePublished":"2017-07-17T12:43:01+00:00","dateModified":"2025-04-22T11:29:00+00:00","breadcrumb":{"@id":"https:\/\/www.grupozaragoza.com\/fr\/energie-renouvelable\/developpement\/#breadcrumb"},"inLanguage":"fr-FR","potentialAction":[{"@type":"ReadAction","target":["https:\/\/www.grupozaragoza.com\/fr\/energie-renouvelable\/developpement\/"]}]},{"@type":"BreadcrumbList","@id":"https:\/\/www.grupozaragoza.com\/fr\/energie-renouvelable\/developpement\/#breadcrumb","itemListElement":[{"@type":"ListItem","position":1,"name":"Portada","item":"https:\/\/www.grupozaragoza.com\/fr\/"},{"@type":"ListItem","position":2,"name":"Energie Renouvelable","item":"https:\/\/www.grupozaragoza.com\/fr\/energie-renouvelable\/"},{"@type":"ListItem","position":3,"name":"D\u00e9veloppement"}]},{"@type":"WebSite","@id":"https:\/\/www.grupozaragoza.com\/#website","url":"https:\/\/www.grupozaragoza.com\/","name":"GRUPO ZARAGOZ\u00c1","description":"Ingenieria &amp; Arquitectura Creativa","publisher":{"@id":"https:\/\/www.grupozaragoza.com\/#organization"},"potentialAction":[{"@type":"SearchAction","target":{"@type":"EntryPoint","urlTemplate":"https:\/\/www.grupozaragoza.com\/?s={search_term_string}"},"query-input":{"@type":"PropertyValueSpecification","valueRequired":true,"valueName":"search_term_string"}}],"inLanguage":"fr-FR"},{"@type":"Organization","@id":"https:\/\/www.grupozaragoza.com\/#organization","name":"GRUPO ZARAGOZ\u00c1","url":"https:\/\/www.grupozaragoza.com\/","logo":{"@type":"ImageObject","inLanguage":"fr-FR","@id":"https:\/\/www.grupozaragoza.com\/#\/schema\/logo\/image\/","url":"https:\/\/www.grupozaragoza.com\/wp-content\/uploads\/2017\/08\/logo_zaragoza.png","contentUrl":"https:\/\/www.grupozaragoza.com\/wp-content\/uploads\/2017\/08\/logo_zaragoza.png","width":676,"height":180,"caption":"GRUPO ZARAGOZ\u00c1"},"image":{"@id":"https:\/\/www.grupozaragoza.com\/#\/schema\/logo\/image\/"},"sameAs":["https:\/\/www.linkedin.com\/company\/grupozaragoza\/","https:\/\/www.instagram.com\/grupozaragoza_com\/"]}]}},"_links":{"self":[{"href":"https:\/\/www.grupozaragoza.com\/fr\/wp-json\/wp\/v2\/pages\/2427","targetHints":{"allow":["GET"]}}],"collection":[{"href":"https:\/\/www.grupozaragoza.com\/fr\/wp-json\/wp\/v2\/pages"}],"about":[{"href":"https:\/\/www.grupozaragoza.com\/fr\/wp-json\/wp\/v2\/types\/page"}],"author":[{"embeddable":true,"href":"https:\/\/www.grupozaragoza.com\/fr\/wp-json\/wp\/v2\/users\/4"}],"replies":[{"embeddable":true,"href":"https:\/\/www.grupozaragoza.com\/fr\/wp-json\/wp\/v2\/comments?post=2427"}],"version-history":[{"count":3,"href":"https:\/\/www.grupozaragoza.com\/fr\/wp-json\/wp\/v2\/pages\/2427\/revisions"}],"predecessor-version":[{"id":12085,"href":"https:\/\/www.grupozaragoza.com\/fr\/wp-json\/wp\/v2\/pages\/2427\/revisions\/12085"}],"up":[{"embeddable":true,"href":"https:\/\/www.grupozaragoza.com\/fr\/wp-json\/wp\/v2\/pages\/2421"}],"wp:attachment":[{"href":"https:\/\/www.grupozaragoza.com\/fr\/wp-json\/wp\/v2\/media?parent=2427"}],"curies":[{"name":"wp","href":"https:\/\/api.w.org\/{rel}","templated":true}]}}