{"id":2424,"date":"2017-07-13T07:35:42","date_gmt":"2017-07-13T07:35:42","guid":{"rendered":"http:\/\/www.grupozaragoza.com\/energias-renovables\/construccion-epc\/"},"modified":"2024-04-16T13:13:14","modified_gmt":"2024-04-16T12:13:14","slug":"construction-epc","status":"publish","type":"page","link":"https:\/\/www.grupozaragoza.com\/fr\/energie-renouvelable\/construction-epc\/","title":{"rendered":"Construction &#8211; EPC"},"content":{"rendered":"<div class=\"wpb-content-wrapper\"><p>[vc_row css_animation=\u00a0\u00bb\u00a0\u00bb row_type=\u00a0\u00bbrow\u00a0\u00bb use_row_as_full_screen_section=\u00a0\u00bbno\u00a0\u00bb type=\u00a0\u00bbgrid\u00a0\u00bb angled_section=\u00a0\u00bbno\u00a0\u00bb text_align=\u00a0\u00bbleft\u00a0\u00bb background_image_as_pattern=\u00a0\u00bbwithout_pattern\u00a0\u00bb el_class=\u00a0\u00bbmod_block pt_40 sectionTable\u00a0\u00bb][vc_column offset=\u00a0\u00bbvc_col-lg-6 vc_col-md-12&Prime;][vc_single_image image=\u00a0\u00bb3632&Prime; img_size=\u00a0\u00bbfull\u00a0\u00bb qode_css_animation=\u00a0\u00bb\u00a0\u00bb][\/vc_column][vc_column offset=\u00a0\u00bbvc_col-lg-offset-0 vc_col-lg-6 vc_col-md-offset-0 vc_col-md-12 vc_col-sm-offset-0 vc_col-xs-12&Prime;][vc_column_text]<\/p>\n<h3 style=\"text-align: center;\">Le GRUPO ZARAGOZ\u00c1 est sp\u00e9cialis\u00e9 dans le d\u00e9veloppement et la production de projets d\u2019ing\u00e9nierie <strong>\u00ab\u00a0cl\u00e9 en main\u00a0\u00bb<\/strong> sur un terrain ou un toit dans le monde entier.<\/h3>\n<p>[vc_separator type=&rsquo;small&rsquo; position=&rsquo;center&rsquo; color=&rsquo;#dd5f5f&rsquo; thickness=\u00a0\u00bb up=\u00a0\u00bb down=\u00a0\u00bb]<\/p>\n<p style=\"text-align: center;\">Nous nous chargeons de tout ce qui est n\u00e9cessaire, depuis la conception, la construction, la l\u00e9galisation, la connexion au r\u00e9seau \u00e9lectrique national, la mise en fonctionnement, le financement du projet, la police d\u2019assurance jusqu\u2019aux services d\u2019O&amp;M (op\u00e9ration et maintenance).<\/p>\n<p style=\"text-align: center;\">Toutes les installations que nous d\u00e9veloppons et construisons utilisent un mat\u00e9riel de la plus haute qualit\u00e9 qui garantit un fonctionnement ad\u00e9quat, une plus grande dur\u00e9e et un rendement de l\u2019investissement.<\/p>\n<p>[\/vc_column_text][\/vc_column][\/vc_row][vc_row css_animation=\u00a0\u00bb\u00a0\u00bb row_type=\u00a0\u00bbrow\u00a0\u00bb use_row_as_full_screen_section=\u00a0\u00bbyes\u00a0\u00bb type=\u00a0\u00bbfull_width\u00a0\u00bb angled_section=\u00a0\u00bbno\u00a0\u00bb text_align=\u00a0\u00bbleft\u00a0\u00bb background_image_as_pattern=\u00a0\u00bbwithout_pattern\u00a0\u00bb background_color=\u00a0\u00bb#f4f4f4&Prime; el_class=\u00a0\u00bbmod_block\u00a0\u00bb][vc_column][vc_row_inner row_type=\u00a0\u00bbrow\u00a0\u00bb type=\u00a0\u00bbgrid\u00a0\u00bb text_align=\u00a0\u00bbleft\u00a0\u00bb css_animation=\u00a0\u00bb\u00a0\u00bb][vc_column_inner][vc_column_text]<\/p>\n<h2>Terrassement et installation de la structure<\/h2>\n<p>[vc_separator type=&rsquo;small&rsquo; position=&rsquo;left&rsquo; color=&rsquo;dd5f5f&rsquo; thickness=\u00a0\u00bb up=\u00a0\u00bb down=\u00a0\u00bb]<\/p>\n<p><strong>Le processus d\u2019\u0153uvre d\u2019une centrale solaire photovolta\u00efque commence par le terrassement<\/strong>, n\u00e9cessaire pour pouvoir effectuer les fondations et post\u00e9rieurement la structure de maintien des panneaux.[\/vc_column_text][\/vc_column_inner][\/vc_row_inner][vc_row_inner row_type=\u00a0\u00bbrow\u00a0\u00bb type=\u00a0\u00bbgrid\u00a0\u00bb text_align=\u00a0\u00bbleft\u00a0\u00bb css_animation=\u00a0\u00bb\u00a0\u00bb css=\u00a0\u00bb.vc_custom_1501590433051{padding-top: 40px !important;padding-bottom: 0px !important;}\u00a0\u00bb][vc_column_inner][vc_gallery type=\u00a0\u00bbflexslider_slide\u00a0\u00bb interval=\u00a0\u00bb3&Prime; images=\u00a0\u00bb3635,3638,3641,3644,3647,3650,3653,3656,3659&Prime; img_size=\u00a0\u00bbfull\u00a0\u00bb direction_nav=\u00a0\u00bbyes\u00a0\u00bb control_nav=\u00a0\u00bbyes\u00a0\u00bb css=\u00a0\u00bb.vc_custom_1501591341037{margin-bottom: 0px !important;}\u00a0\u00bb][\/vc_column_inner][\/vc_row_inner][\/vc_column][\/vc_row][vc_row css_animation=\u00a0\u00bb\u00a0\u00bb row_type=\u00a0\u00bbrow\u00a0\u00bb use_row_as_full_screen_section=\u00a0\u00bbyes\u00a0\u00bb type=\u00a0\u00bbfull_width\u00a0\u00bb angled_section=\u00a0\u00bbno\u00a0\u00bb text_align=\u00a0\u00bbleft\u00a0\u00bb background_image_as_pattern=\u00a0\u00bbwithout_pattern\u00a0\u00bb el_class=\u00a0\u00bbmod_block\u00a0\u00bb][vc_column][vc_row_inner row_type=\u00a0\u00bbrow\u00a0\u00bb type=\u00a0\u00bbgrid\u00a0\u00bb text_align=\u00a0\u00bbleft\u00a0\u00bb css_animation=\u00a0\u00bb\u00a0\u00bb][vc_column_inner][vc_column_text]<\/p>\n<h2>Canalisations et pose des c\u00e2bles<\/h2>\n<p>[vc_separator type=&rsquo;small&rsquo; position=&rsquo;left&rsquo; color=&rsquo;dd5f5f&rsquo; thickness=\u00a0\u00bb up=\u00a0\u00bb down=\u00a0\u00bb]<\/p>\n<p><strong>Une fois ex\u00e9cut\u00e9e la structure, on creuse les foss\u00e9s et les canalisations et ensuite on installe les c\u00e2bl\u00e9s \u00e9lectriques<\/strong>. Nous adaptons la meilleure solution en fonction des caract\u00e9ristiques du terrain et des r\u00e8glements et des particularit\u00e9s de chaque pays.[\/vc_column_text][\/vc_column_inner][\/vc_row_inner][vc_row_inner row_type=\u00a0\u00bbrow\u00a0\u00bb type=\u00a0\u00bbgrid\u00a0\u00bb text_align=\u00a0\u00bbleft\u00a0\u00bb css_animation=\u00a0\u00bb\u00a0\u00bb css=\u00a0\u00bb.vc_custom_1501590433051{padding-top: 40px !important;padding-bottom: 0px !important;}\u00a0\u00bb][vc_column_inner][vc_gallery type=\u00a0\u00bbflexslider_slide\u00a0\u00bb interval=\u00a0\u00bb3&Prime; images=\u00a0\u00bb3662,3665,3668,3671,3674&Prime; img_size=\u00a0\u00bbfull\u00a0\u00bb direction_nav=\u00a0\u00bbyes\u00a0\u00bb control_nav=\u00a0\u00bbyes\u00a0\u00bb css=\u00a0\u00bb.vc_custom_1501591270676{margin-bottom: 0px !important;}\u00a0\u00bb][\/vc_column_inner][\/vc_row_inner][\/vc_column][\/vc_row][vc_row css_animation=\u00a0\u00bb\u00a0\u00bb row_type=\u00a0\u00bbrow\u00a0\u00bb use_row_as_full_screen_section=\u00a0\u00bbyes\u00a0\u00bb type=\u00a0\u00bbfull_width\u00a0\u00bb angled_section=\u00a0\u00bbno\u00a0\u00bb text_align=\u00a0\u00bbleft\u00a0\u00bb background_image_as_pattern=\u00a0\u00bbwithout_pattern\u00a0\u00bb background_color=\u00a0\u00bb#f4f4f4&Prime; el_class=\u00a0\u00bbmod_block\u00a0\u00bb][vc_column][vc_row_inner row_type=\u00a0\u00bbrow\u00a0\u00bb type=\u00a0\u00bbgrid\u00a0\u00bb text_align=\u00a0\u00bbleft\u00a0\u00bb css_animation=\u00a0\u00bb\u00a0\u00bb][vc_column_inner][vc_column_text]<\/p>\n<h2>Construction des cabines<\/h2>\n<p>[vc_separator type=&rsquo;small&rsquo; position=&rsquo;left&rsquo; color=&rsquo;dd5f5f&rsquo; thickness=\u00a0\u00bb up=\u00a0\u00bb down=\u00a0\u00bb]<\/p>\n<p>Une fois effectu\u00e9es les canalisations et la pose des c\u00e2bles, on construit des postes pour accueillir les onduleurs et les postes de transformation d\u2019\u00e9nergie \u00e9lectrique de MT \u00e0 BT.[\/vc_column_text][\/vc_column_inner][\/vc_row_inner][vc_row_inner row_type=\u00a0\u00bbrow\u00a0\u00bb type=\u00a0\u00bbgrid\u00a0\u00bb text_align=\u00a0\u00bbleft\u00a0\u00bb css_animation=\u00a0\u00bb\u00a0\u00bb css=\u00a0\u00bb.vc_custom_1501590433051{padding-top: 40px !important;padding-bottom: 0px !important;}\u00a0\u00bb][vc_column_inner][vc_gallery type=\u00a0\u00bbflexslider_slide\u00a0\u00bb interval=\u00a0\u00bb3&Prime; images=\u00a0\u00bb3677,3680,3683,3686,3689&Prime; img_size=\u00a0\u00bbfull\u00a0\u00bb direction_nav=\u00a0\u00bbyes\u00a0\u00bb control_nav=\u00a0\u00bbyes\u00a0\u00bb css=\u00a0\u00bb.vc_custom_1501591838437{margin-bottom: 0px !important;}\u00a0\u00bb][\/vc_column_inner][\/vc_row_inner][\/vc_column][\/vc_row][vc_row css_animation=\u00a0\u00bb\u00a0\u00bb row_type=\u00a0\u00bbrow\u00a0\u00bb use_row_as_full_screen_section=\u00a0\u00bbyes\u00a0\u00bb type=\u00a0\u00bbfull_width\u00a0\u00bb angled_section=\u00a0\u00bbno\u00a0\u00bb text_align=\u00a0\u00bbleft\u00a0\u00bb background_image_as_pattern=\u00a0\u00bbwithout_pattern\u00a0\u00bb el_class=\u00a0\u00bbmod_block\u00a0\u00bb][vc_column][vc_row_inner row_type=\u00a0\u00bbrow\u00a0\u00bb type=\u00a0\u00bbgrid\u00a0\u00bb text_align=\u00a0\u00bbleft\u00a0\u00bb css_animation=\u00a0\u00bb\u00a0\u00bb][vc_column_inner][vc_column_text]<\/p>\n<h2>Installation de la s\u00e9curit\u00e9 et la cl\u00f4tur\u00e9<\/h2>\n<p>[vc_separator type=&rsquo;small&rsquo; position=&rsquo;left&rsquo; color=&rsquo;dd5f5f&rsquo; thickness=\u00a0\u00bb up=\u00a0\u00bb down=\u00a0\u00bb]<\/p>\n<p>Comme pas pr\u00e9alable \u00e0 la mise en place des panneaux, <strong>on installe la s\u00e9curit\u00e9 de la centrale<\/strong> qui se compose d\u2019une cl\u00f4tur\u00e9 sur le p\u00e9rim\u00e8tre et d\u2019un syst\u00e8me de vid\u00e9osurveillance.[\/vc_column_text][\/vc_column_inner][\/vc_row_inner][vc_row_inner row_type=\u00a0\u00bbrow\u00a0\u00bb type=\u00a0\u00bbgrid\u00a0\u00bb text_align=\u00a0\u00bbleft\u00a0\u00bb css_animation=\u00a0\u00bb\u00a0\u00bb css=\u00a0\u00bb.vc_custom_1501590433051{padding-top: 40px !important;padding-bottom: 0px !important;}\u00a0\u00bb][vc_column_inner][vc_gallery type=\u00a0\u00bbflexslider_slide\u00a0\u00bb interval=\u00a0\u00bb3&Prime; images=\u00a0\u00bb3692,3695,3698,3701&Prime; img_size=\u00a0\u00bbfull\u00a0\u00bb direction_nav=\u00a0\u00bbyes\u00a0\u00bb control_nav=\u00a0\u00bbyes\u00a0\u00bb css=\u00a0\u00bb.vc_custom_1501592119042{margin-bottom: 0px !important;}\u00a0\u00bb][\/vc_column_inner][\/vc_row_inner][\/vc_column][\/vc_row][vc_row css_animation=\u00a0\u00bb\u00a0\u00bb row_type=\u00a0\u00bbrow\u00a0\u00bb use_row_as_full_screen_section=\u00a0\u00bbyes\u00a0\u00bb type=\u00a0\u00bbfull_width\u00a0\u00bb angled_section=\u00a0\u00bbno\u00a0\u00bb text_align=\u00a0\u00bbleft\u00a0\u00bb background_image_as_pattern=\u00a0\u00bbwithout_pattern\u00a0\u00bb background_color=\u00a0\u00bb#f4f4f4&Prime; el_class=\u00a0\u00bbmod_block\u00a0\u00bb][vc_column][vc_row_inner row_type=\u00a0\u00bbrow\u00a0\u00bb type=\u00a0\u00bbgrid\u00a0\u00bb text_align=\u00a0\u00bbleft\u00a0\u00bb css_animation=\u00a0\u00bb\u00a0\u00bb][vc_column_inner][vc_column_text]<\/p>\n<h2>Installation de panneaux<\/h2>\n<p>[vc_separator type=&rsquo;small&rsquo; position=&rsquo;left&rsquo; color=&rsquo;dd5f5f&rsquo; thickness=\u00a0\u00bb up=\u00a0\u00bb down=\u00a0\u00bb]<\/p>\n<p>On place finalement les panneaux et on met la centrale en service.[\/vc_column_text][\/vc_column_inner][\/vc_row_inner][vc_row_inner row_type=\u00a0\u00bbrow\u00a0\u00bb type=\u00a0\u00bbgrid\u00a0\u00bb text_align=\u00a0\u00bbleft\u00a0\u00bb css_animation=\u00a0\u00bb\u00a0\u00bb css=\u00a0\u00bb.vc_custom_1501590433051{padding-top: 40px !important;padding-bottom: 0px !important;}\u00a0\u00bb][vc_column_inner][vc_gallery type=\u00a0\u00bbflexslider_slide\u00a0\u00bb interval=\u00a0\u00bb3&Prime; images=\u00a0\u00bb3704,3707,3710,3713,3716&Prime; img_size=\u00a0\u00bbfull\u00a0\u00bb direction_nav=\u00a0\u00bbyes\u00a0\u00bb control_nav=\u00a0\u00bbyes\u00a0\u00bb css=\u00a0\u00bb.vc_custom_1501592457742{margin-bottom: 0px !important;}\u00a0\u00bb][\/vc_column_inner][\/vc_row_inner][\/vc_column][\/vc_row]<\/p>\n<\/div>","protected":false},"excerpt":{"rendered":"<p>[vc_row css_animation=\u00a0\u00bb\u00a0\u00bb row_type=\u00a0\u00bbrow\u00a0\u00bb use_row_as_full_screen_section=\u00a0\u00bbno\u00a0\u00bb type=\u00a0\u00bbgrid\u00a0\u00bb angled_section=\u00a0\u00bbno\u00a0\u00bb text_align=\u00a0\u00bbleft\u00a0\u00bb background_image_as_pattern=\u00a0\u00bbwithout_pattern\u00a0\u00bb el_class=\u00a0\u00bbmod_block pt_40 sectionTable\u00a0\u00bb][vc_column offset=\u00a0\u00bbvc_col-lg-6 vc_col-md-12&Prime;][vc_single_image image=\u00a0\u00bb3632&Prime; img_size=\u00a0\u00bbfull\u00a0\u00bb qode_css_animation=\u00a0\u00bb\u00a0\u00bb][\/vc_column][vc_column offset=\u00a0\u00bbvc_col-lg-offset-0 vc_col-lg-6 vc_col-md-offset-0 vc_col-md-12 vc_col-sm-offset-0 vc_col-xs-12&Prime;][vc_column_text] Le GRUPO ZARAGOZ\u00c1 est sp\u00e9cialis\u00e9 dans le d\u00e9veloppement et la production de projets d\u2019ing\u00e9nierie \u00ab\u00a0cl\u00e9 en main\u00a0\u00bb sur un terrain ou un toit&#8230;<\/p>\n","protected":false},"author":4,"featured_media":0,"parent":2421,"menu_order":0,"comment_status":"closed","ping_status":"closed","template":"full_width.php","meta":{"_acf_changed":false,"footnotes":""},"class_list":["post-2424","page","type-page","status-publish","hentry"],"acf":[],"yoast_head":"<!-- This site is optimized with the Yoast SEO plugin v26.8 - https:\/\/yoast.com\/product\/yoast-seo-wordpress\/ -->\n<title>Construction - EPC - GRUPO ZARAGOZ\u00c1<\/title>\n<meta name=\"robots\" content=\"index, follow, max-snippet:-1, max-image-preview:large, max-video-preview:-1\" \/>\n<link rel=\"canonical\" href=\"https:\/\/www.grupozaragoza.com\/fr\/energie-renouvelable\/construction-epc\/\" \/>\n<meta property=\"og:locale\" content=\"fr_FR\" \/>\n<meta property=\"og:type\" content=\"article\" \/>\n<meta property=\"og:title\" content=\"Construction - EPC - GRUPO ZARAGOZ\u00c1\" \/>\n<meta property=\"og:description\" content=\"[vc_row css_animation=\u00a0\u00bb\u00a0\u00bb row_type=\u00a0\u00bbrow\u00a0\u00bb use_row_as_full_screen_section=\u00a0\u00bbno\u00a0\u00bb type=\u00a0\u00bbgrid\u00a0\u00bb angled_section=\u00a0\u00bbno\u00a0\u00bb text_align=\u00a0\u00bbleft\u00a0\u00bb background_image_as_pattern=\u00a0\u00bbwithout_pattern\u00a0\u00bb el_class=\u00a0\u00bbmod_block pt_40 sectionTable\u00a0\u00bb][vc_column offset=\u00a0\u00bbvc_col-lg-6 vc_col-md-12&Prime;][vc_single_image image=\u00a0\u00bb3632&Prime; img_size=\u00a0\u00bbfull\u00a0\u00bb qode_css_animation=\u00a0\u00bb\u00a0\u00bb][\/vc_column][vc_column offset=\u00a0\u00bbvc_col-lg-offset-0 vc_col-lg-6 vc_col-md-offset-0 vc_col-md-12 vc_col-sm-offset-0 vc_col-xs-12&Prime;][vc_column_text] Le GRUPO ZARAGOZ\u00c1 est sp\u00e9cialis\u00e9 dans le d\u00e9veloppement et la production de projets d\u2019ing\u00e9nierie \u00ab\u00a0cl\u00e9 en main\u00a0\u00bb sur un terrain ou un toit...\" \/>\n<meta property=\"og:url\" content=\"https:\/\/www.grupozaragoza.com\/fr\/energie-renouvelable\/construction-epc\/\" \/>\n<meta property=\"og:site_name\" content=\"GRUPO ZARAGOZ\u00c1\" \/>\n<meta property=\"article:modified_time\" content=\"2024-04-16T12:13:14+00:00\" \/>\n<meta name=\"twitter:card\" content=\"summary_large_image\" \/>\n<meta name=\"twitter:label1\" content=\"Dur\u00e9e de lecture estim\u00e9e\" \/>\n\t<meta name=\"twitter:data1\" content=\"8 minutes\" \/>\n<script type=\"application\/ld+json\" class=\"yoast-schema-graph\">{\"@context\":\"https:\/\/schema.org\",\"@graph\":[{\"@type\":\"WebPage\",\"@id\":\"https:\/\/www.grupozaragoza.com\/fr\/energie-renouvelable\/construction-epc\/\",\"url\":\"https:\/\/www.grupozaragoza.com\/fr\/energie-renouvelable\/construction-epc\/\",\"name\":\"Construction - EPC - GRUPO ZARAGOZ\u00c1\",\"isPartOf\":{\"@id\":\"https:\/\/www.grupozaragoza.com\/#website\"},\"datePublished\":\"2017-07-13T07:35:42+00:00\",\"dateModified\":\"2024-04-16T12:13:14+00:00\",\"breadcrumb\":{\"@id\":\"https:\/\/www.grupozaragoza.com\/fr\/energie-renouvelable\/construction-epc\/#breadcrumb\"},\"inLanguage\":\"fr-FR\",\"potentialAction\":[{\"@type\":\"ReadAction\",\"target\":[\"https:\/\/www.grupozaragoza.com\/fr\/energie-renouvelable\/construction-epc\/\"]}]},{\"@type\":\"BreadcrumbList\",\"@id\":\"https:\/\/www.grupozaragoza.com\/fr\/energie-renouvelable\/construction-epc\/#breadcrumb\",\"itemListElement\":[{\"@type\":\"ListItem\",\"position\":1,\"name\":\"Portada\",\"item\":\"https:\/\/www.grupozaragoza.com\/fr\/\"},{\"@type\":\"ListItem\",\"position\":2,\"name\":\"Energie Renouvelable\",\"item\":\"https:\/\/www.grupozaragoza.com\/fr\/energie-renouvelable\/\"},{\"@type\":\"ListItem\",\"position\":3,\"name\":\"Construction &#8211; EPC\"}]},{\"@type\":\"WebSite\",\"@id\":\"https:\/\/www.grupozaragoza.com\/#website\",\"url\":\"https:\/\/www.grupozaragoza.com\/\",\"name\":\"GRUPO ZARAGOZ\u00c1\",\"description\":\"Ingenieria &amp; Arquitectura Creativa\",\"publisher\":{\"@id\":\"https:\/\/www.grupozaragoza.com\/#organization\"},\"potentialAction\":[{\"@type\":\"SearchAction\",\"target\":{\"@type\":\"EntryPoint\",\"urlTemplate\":\"https:\/\/www.grupozaragoza.com\/?s={search_term_string}\"},\"query-input\":{\"@type\":\"PropertyValueSpecification\",\"valueRequired\":true,\"valueName\":\"search_term_string\"}}],\"inLanguage\":\"fr-FR\"},{\"@type\":\"Organization\",\"@id\":\"https:\/\/www.grupozaragoza.com\/#organization\",\"name\":\"GRUPO ZARAGOZ\u00c1\",\"url\":\"https:\/\/www.grupozaragoza.com\/\",\"logo\":{\"@type\":\"ImageObject\",\"inLanguage\":\"fr-FR\",\"@id\":\"https:\/\/www.grupozaragoza.com\/#\/schema\/logo\/image\/\",\"url\":\"https:\/\/www.grupozaragoza.com\/wp-content\/uploads\/2017\/08\/logo_zaragoza.png\",\"contentUrl\":\"https:\/\/www.grupozaragoza.com\/wp-content\/uploads\/2017\/08\/logo_zaragoza.png\",\"width\":676,\"height\":180,\"caption\":\"GRUPO ZARAGOZ\u00c1\"},\"image\":{\"@id\":\"https:\/\/www.grupozaragoza.com\/#\/schema\/logo\/image\/\"},\"sameAs\":[\"https:\/\/www.linkedin.com\/company\/grupozaragoza\/\",\"https:\/\/www.instagram.com\/grupozaragoza_com\/\"]}]}<\/script>\n<!-- \/ Yoast SEO plugin. -->","yoast_head_json":{"title":"Construction - EPC - GRUPO ZARAGOZ\u00c1","robots":{"index":"index","follow":"follow","max-snippet":"max-snippet:-1","max-image-preview":"max-image-preview:large","max-video-preview":"max-video-preview:-1"},"canonical":"https:\/\/www.grupozaragoza.com\/fr\/energie-renouvelable\/construction-epc\/","og_locale":"fr_FR","og_type":"article","og_title":"Construction - EPC - GRUPO ZARAGOZ\u00c1","og_description":"[vc_row css_animation=\u00a0\u00bb\u00a0\u00bb row_type=\u00a0\u00bbrow\u00a0\u00bb use_row_as_full_screen_section=\u00a0\u00bbno\u00a0\u00bb type=\u00a0\u00bbgrid\u00a0\u00bb angled_section=\u00a0\u00bbno\u00a0\u00bb text_align=\u00a0\u00bbleft\u00a0\u00bb background_image_as_pattern=\u00a0\u00bbwithout_pattern\u00a0\u00bb el_class=\u00a0\u00bbmod_block pt_40 sectionTable\u00a0\u00bb][vc_column offset=\u00a0\u00bbvc_col-lg-6 vc_col-md-12&Prime;][vc_single_image image=\u00a0\u00bb3632&Prime; img_size=\u00a0\u00bbfull\u00a0\u00bb qode_css_animation=\u00a0\u00bb\u00a0\u00bb][\/vc_column][vc_column offset=\u00a0\u00bbvc_col-lg-offset-0 vc_col-lg-6 vc_col-md-offset-0 vc_col-md-12 vc_col-sm-offset-0 vc_col-xs-12&Prime;][vc_column_text] Le GRUPO ZARAGOZ\u00c1 est sp\u00e9cialis\u00e9 dans le d\u00e9veloppement et la production de projets d\u2019ing\u00e9nierie \u00ab\u00a0cl\u00e9 en main\u00a0\u00bb sur un terrain ou un toit...","og_url":"https:\/\/www.grupozaragoza.com\/fr\/energie-renouvelable\/construction-epc\/","og_site_name":"GRUPO ZARAGOZ\u00c1","article_modified_time":"2024-04-16T12:13:14+00:00","twitter_card":"summary_large_image","twitter_misc":{"Dur\u00e9e de lecture estim\u00e9e":"8 minutes"},"schema":{"@context":"https:\/\/schema.org","@graph":[{"@type":"WebPage","@id":"https:\/\/www.grupozaragoza.com\/fr\/energie-renouvelable\/construction-epc\/","url":"https:\/\/www.grupozaragoza.com\/fr\/energie-renouvelable\/construction-epc\/","name":"Construction - EPC - GRUPO ZARAGOZ\u00c1","isPartOf":{"@id":"https:\/\/www.grupozaragoza.com\/#website"},"datePublished":"2017-07-13T07:35:42+00:00","dateModified":"2024-04-16T12:13:14+00:00","breadcrumb":{"@id":"https:\/\/www.grupozaragoza.com\/fr\/energie-renouvelable\/construction-epc\/#breadcrumb"},"inLanguage":"fr-FR","potentialAction":[{"@type":"ReadAction","target":["https:\/\/www.grupozaragoza.com\/fr\/energie-renouvelable\/construction-epc\/"]}]},{"@type":"BreadcrumbList","@id":"https:\/\/www.grupozaragoza.com\/fr\/energie-renouvelable\/construction-epc\/#breadcrumb","itemListElement":[{"@type":"ListItem","position":1,"name":"Portada","item":"https:\/\/www.grupozaragoza.com\/fr\/"},{"@type":"ListItem","position":2,"name":"Energie Renouvelable","item":"https:\/\/www.grupozaragoza.com\/fr\/energie-renouvelable\/"},{"@type":"ListItem","position":3,"name":"Construction &#8211; EPC"}]},{"@type":"WebSite","@id":"https:\/\/www.grupozaragoza.com\/#website","url":"https:\/\/www.grupozaragoza.com\/","name":"GRUPO ZARAGOZ\u00c1","description":"Ingenieria &amp; Arquitectura Creativa","publisher":{"@id":"https:\/\/www.grupozaragoza.com\/#organization"},"potentialAction":[{"@type":"SearchAction","target":{"@type":"EntryPoint","urlTemplate":"https:\/\/www.grupozaragoza.com\/?s={search_term_string}"},"query-input":{"@type":"PropertyValueSpecification","valueRequired":true,"valueName":"search_term_string"}}],"inLanguage":"fr-FR"},{"@type":"Organization","@id":"https:\/\/www.grupozaragoza.com\/#organization","name":"GRUPO ZARAGOZ\u00c1","url":"https:\/\/www.grupozaragoza.com\/","logo":{"@type":"ImageObject","inLanguage":"fr-FR","@id":"https:\/\/www.grupozaragoza.com\/#\/schema\/logo\/image\/","url":"https:\/\/www.grupozaragoza.com\/wp-content\/uploads\/2017\/08\/logo_zaragoza.png","contentUrl":"https:\/\/www.grupozaragoza.com\/wp-content\/uploads\/2017\/08\/logo_zaragoza.png","width":676,"height":180,"caption":"GRUPO ZARAGOZ\u00c1"},"image":{"@id":"https:\/\/www.grupozaragoza.com\/#\/schema\/logo\/image\/"},"sameAs":["https:\/\/www.linkedin.com\/company\/grupozaragoza\/","https:\/\/www.instagram.com\/grupozaragoza_com\/"]}]}},"_links":{"self":[{"href":"https:\/\/www.grupozaragoza.com\/fr\/wp-json\/wp\/v2\/pages\/2424","targetHints":{"allow":["GET"]}}],"collection":[{"href":"https:\/\/www.grupozaragoza.com\/fr\/wp-json\/wp\/v2\/pages"}],"about":[{"href":"https:\/\/www.grupozaragoza.com\/fr\/wp-json\/wp\/v2\/types\/page"}],"author":[{"embeddable":true,"href":"https:\/\/www.grupozaragoza.com\/fr\/wp-json\/wp\/v2\/users\/4"}],"replies":[{"embeddable":true,"href":"https:\/\/www.grupozaragoza.com\/fr\/wp-json\/wp\/v2\/comments?post=2424"}],"version-history":[{"count":2,"href":"https:\/\/www.grupozaragoza.com\/fr\/wp-json\/wp\/v2\/pages\/2424\/revisions"}],"predecessor-version":[{"id":11410,"href":"https:\/\/www.grupozaragoza.com\/fr\/wp-json\/wp\/v2\/pages\/2424\/revisions\/11410"}],"up":[{"embeddable":true,"href":"https:\/\/www.grupozaragoza.com\/fr\/wp-json\/wp\/v2\/pages\/2421"}],"wp:attachment":[{"href":"https:\/\/www.grupozaragoza.com\/fr\/wp-json\/wp\/v2\/media?parent=2424"}],"curies":[{"name":"wp","href":"https:\/\/api.w.org\/{rel}","templated":true}]}}