{"id":2386,"date":"2016-02-19T12:16:25","date_gmt":"2016-02-19T12:16:25","guid":{"rendered":"http:\/\/www.grupozaragoza.com\/grupo-zaragoza\/"},"modified":"2025-09-03T09:20:50","modified_gmt":"2025-09-03T08:20:50","slug":"grupo-zaragoza","status":"publish","type":"page","link":"https:\/\/www.grupozaragoza.com\/fr\/grupo-zaragoza\/","title":{"rendered":"Grupo Zaragoz\u00e1"},"content":{"rendered":"<div class=\"wpb-content-wrapper\"><p>[vc_row css_animation=\u00a0\u00bb\u00a0\u00bb row_type=\u00a0\u00bbrow\u00a0\u00bb use_row_as_full_screen_section=\u00a0\u00bbno\u00a0\u00bb type=\u00a0\u00bbgrid\u00a0\u00bb angled_section=\u00a0\u00bbno\u00a0\u00bb text_align=\u00a0\u00bbleft\u00a0\u00bb background_image_as_pattern=\u00a0\u00bbwithout_pattern\u00a0\u00bb el_class=\u00a0\u00bbmod_block\u00a0\u00bb][vc_column][vc_column_text]<\/p>\n<h2>Qui Sommes-nous<\/h2>\n<p>[\/vc_column_text][vc_separator type=\u00a0\u00bbsmall\u00a0\u00bb position=\u00a0\u00bbleft\u00a0\u00bb][vc_row_inner row_type=\u00a0\u00bbrow\u00a0\u00bb type=\u00a0\u00bbgrid\u00a0\u00bb text_align=\u00a0\u00bbleft\u00a0\u00bb css_animation=\u00a0\u00bb\u00a0\u00bb el_class=\u00a0\u00bbsectionTable\u00a0\u00bb][vc_column_inner el_class=\u00a0\u00bbsectionTable\u00a0\u00bb width=\u00a0\u00bb1\/2&Prime;][vc_column_text]<strong>\u00abnous avons une histoire, nous sommes le pr\u00e9sent, nous cr\u00e9ons le futur\u00bb<\/strong>[\/vc_column_text][vc_separator type=\u00a0\u00bbtransparent\u00a0\u00bb thickness=\u00a0\u00bb0&Prime; up=\u00a0\u00bb33&Prime; down=\u00a0\u00bb0&Prime;][vc_column_text]<\/p>\n<p style=\"text-align: justify;\">Grupo Zaragoz\u00e1 est un groupe qui a cr\u00fb et qui s\u2019est adapt\u00e9 aux opportunit\u00e9s d\u2019affaire qui surgissaient.<\/p>\n<p style=\"text-align: justify;\">Nous priorisonsactuellementnotre activit\u00e9 dans le march\u00e9 de l\u2019\u00e9nergie renouvelable, en particulier au d\u00e9veloppement, construction et maintenance des centrales photovolta\u00efques, tout en maintenant une croissance soutenue et rentable bas\u00e9e sur notre propre philosophie de service et de qualit\u00e9, d\u2019un fort engagement social et d\u2019une strat\u00e9gie patronale innovatrice.<\/p>\n<p>[\/vc_column_text][\/vc_column_inner][vc_column_inner width=\u00a0\u00bb1\/2&Prime;][vc_single_image image=\u00a0\u00bb11709&Prime; img_size=\u00a0\u00bbfull\u00a0\u00bb qode_css_animation=\u00a0\u00bb\u00a0\u00bb][\/vc_column_inner][\/vc_row_inner][\/vc_column][\/vc_row][vc_row css_animation=\u00a0\u00bb\u00a0\u00bb row_type=\u00a0\u00bbrow\u00a0\u00bb use_row_as_full_screen_section=\u00a0\u00bbno\u00a0\u00bb type=\u00a0\u00bbfull_width\u00a0\u00bb angled_section=\u00a0\u00bbno\u00a0\u00bb text_align=\u00a0\u00bbleft\u00a0\u00bb background_image_as_pattern=\u00a0\u00bbwithout_pattern\u00a0\u00bb background_color=\u00a0\u00bb#f7f7f7&Prime; el_class=\u00a0\u00bbmod_block\u00a0\u00bb][vc_column][vc_row_inner row_type=\u00a0\u00bbrow\u00a0\u00bb type=\u00a0\u00bbgrid\u00a0\u00bb text_align=\u00a0\u00bbleft\u00a0\u00bb css_animation=\u00a0\u00bb\u00a0\u00bb][vc_column_inner][vc_column_text]<\/p>\n<h2>L&rsquo;\u00e9thique des affaires<\/h2>\n<p>[\/vc_column_text][vc_separator type=\u00a0\u00bbsmall\u00a0\u00bb position=\u00a0\u00bbleft\u00a0\u00bb][\/vc_column_inner][\/vc_row_inner][vc_row_inner row_type=\u00a0\u00bbrow\u00a0\u00bb type=\u00a0\u00bbgrid\u00a0\u00bb text_align=\u00a0\u00bbleft\u00a0\u00bb css_animation=\u00a0\u00bb\u00a0\u00bb el_class=\u00a0\u00bbsectionTable align-top\u00a0\u00bb][vc_column_inner width=\u00a0\u00bb1\/2&Prime;][vc_single_image image=\u00a0\u00bb12256&Prime; img_size=\u00a0\u00bbfull\u00a0\u00bb qode_css_animation=\u00a0\u00bb\u00a0\u00bb][\/vc_column_inner][vc_column_inner width=\u00a0\u00bb1\/2&Prime;][vc_column_text]<strong>Nous avons la croyance de bien faire notre travail pour assurer une meilleure qualit\u00e9 de vie.<\/strong><\/p>\n<p>Nos d\u00e9fis partent toujours d\u2019une recherche pr\u00e9alable des besoins actuels des individus et de la soci\u00e9t\u00e9 pour que nous jouissions d\u2019une meilleure vie. Pour cela, nous nous adaptons \u00e0 chacune des situations avec flexibilit\u00e9 et analyse, en s\u2019assurant \u00e0 chaque instant que les g\u00e9n\u00e9rations futures ne soient pas compromises.<\/p>\n<p><i class=\"icon-right-dir\"><\/i>Notre objectif principal est d\u2019offrir des alternatives pour cr\u00e9er un d\u00e9veloppement durable \u00e0 travers tous nos secteurs d\u2019activit\u00e9, en participant aux projets de la cr\u00e9ation d\u2019espaces coh\u00e9rents et de respect de notre environnement.<\/p>\n<p>Sous l\u2019engagement de s\u2019acquitter de nos pr\u00e9misses, nous nous appuyons sur un ensemble de valeurs:[\/vc_column_text][vc_separator type=\u00a0\u00bbtransparent\u00a0\u00bb thickness=\u00a0\u00bb0&Prime; up=\u00a0\u00bb35&Prime; down=\u00a0\u00bb0&Prime;][vc_column_text el_class=\u00a0\u00bbwrapper-list-col-2&Prime;]<\/p>\n<ul>\n<li><em>La responsabilit\u00e9 sociale<\/em><\/li>\n<li><em>Le respect de l\u2019environnement<\/em><\/li>\n<li><em>L\u2019orientation client<\/em><\/li>\n<li><em>L\u2019innovation et la cr\u00e9ativit\u00e9<\/em><\/li>\n<li><em>L\u2019honn\u00eatet\u00e9<\/em><\/li>\n<li><em>Le leadership<\/em><\/li>\n<li><em>L\u2019excellence dans la r\u00e9ussite d\u2019objectifs<\/em><\/li>\n<li><em>Le professionnalisme<\/em><\/li>\n<\/ul>\n<p>[\/vc_column_text][\/vc_column_inner][\/vc_row_inner][\/vc_column][\/vc_row][vc_row css_animation=\u00a0\u00bb\u00a0\u00bb row_type=\u00a0\u00bbrow\u00a0\u00bb use_row_as_full_screen_section=\u00a0\u00bbno\u00a0\u00bb type=\u00a0\u00bbgrid\u00a0\u00bb angled_section=\u00a0\u00bbno\u00a0\u00bb text_align=\u00a0\u00bbleft\u00a0\u00bb background_image_as_pattern=\u00a0\u00bbwithout_pattern\u00a0\u00bb el_class=\u00a0\u00bbmod_block\u00a0\u00bb][vc_column][vc_column_text]<\/p>\n<h2>Politique RH<\/h2>\n<p>[\/vc_column_text][vc_separator type=\u00a0\u00bbsmall\u00a0\u00bb position=\u00a0\u00bbleft\u00a0\u00bb][vc_row_inner row_type=\u00a0\u00bbrow\u00a0\u00bb type=\u00a0\u00bbgrid\u00a0\u00bb text_align=\u00a0\u00bbleft\u00a0\u00bb css_animation=\u00a0\u00bb\u00a0\u00bb el_class=\u00a0\u00bbsectionTable align-top\u00a0\u00bb][vc_column_inner width=\u00a0\u00bb1\/2&Prime;][vc_column_text]<\/p>\n<p>&nbsp;<\/p>\n<p><strong>Grupo Zaragoz\u00e1<\/strong> valorise et promeut le talent des gens.<\/p>\n<p>Nous cr\u00e9ons un environnement de travail positif et collaboratif, dans lequel la cr\u00e9ativit\u00e9 et le travail d&rsquo;\u00e9quipe sont encourag\u00e9s.<\/p>\n<p>Nous reconnaissons et appr\u00e9cions le d\u00e9vouement quotidien de chaque membre de l&rsquo;\u00e9quipe, car chacun\/e d&rsquo;entre nous est essentiel\/le \u00e0 la r\u00e9ussite de nos d\u00e9fis.<\/p>\n<p>Nous cherchons \u00e0 attirer, g\u00e9n\u00e9rer et retenir les talents, mais l&rsquo;entreprise est avant tout compos\u00e9e de personnes.<\/p>\n<p><strong>L&rsquo;\u00e9nergie renouvelable est notre moteur.<\/strong><\/p>\n<p><strong>L&rsquo;\u00e9quipe humaine, notre force.<\/strong>[\/vc_column_text][\/vc_column_inner][vc_column_inner width=\u00a0\u00bb1\/2&Prime;][vc_single_image image=\u00a0\u00bb12068&Prime; img_size=\u00a0\u00bb741&#215;650&Prime; qode_css_animation=\u00a0\u00bb\u00a0\u00bb][vc_separator type=\u00a0\u00bbtransparent\u00a0\u00bb thickness=\u00a0\u00bb0&Prime; up=\u00a0\u00bb54&Prime; down=\u00a0\u00bb0&Prime;][\/vc_column_inner][\/vc_row_inner][\/vc_column][\/vc_row][vc_row css_animation=\u00a0\u00bb\u00a0\u00bb row_type=\u00a0\u00bbrow\u00a0\u00bb use_row_as_full_screen_section=\u00a0\u00bbno\u00a0\u00bb type=\u00a0\u00bbfull_width\u00a0\u00bb angled_section=\u00a0\u00bbno\u00a0\u00bb text_align=\u00a0\u00bbleft\u00a0\u00bb background_image_as_pattern=\u00a0\u00bbwithout_pattern\u00a0\u00bb][vc_column][vc_column_text]<\/p>\n<p>[\/vc_column_text][\/vc_column][\/vc_row][vc_row css_animation=\u00a0\u00bb\u00a0\u00bb row_type=\u00a0\u00bbrow\u00a0\u00bb use_row_as_full_screen_section=\u00a0\u00bbno\u00a0\u00bb type=\u00a0\u00bbfull_width\u00a0\u00bb angled_section=\u00a0\u00bbno\u00a0\u00bb text_align=\u00a0\u00bbleft\u00a0\u00bb background_image_as_pattern=\u00a0\u00bbwithout_pattern\u00a0\u00bb background_color=\u00a0\u00bb#f7f7f7&Prime; el_class=\u00a0\u00bbmod_block\u00a0\u00bb][vc_column][vc_row_inner row_type=\u00a0\u00bbrow\u00a0\u00bb type=\u00a0\u00bbgrid\u00a0\u00bb text_align=\u00a0\u00bbleft\u00a0\u00bb css_animation=\u00a0\u00bb\u00a0\u00bb][vc_column_inner][vc_column_text]<\/p>\n<h2 style=\"text-align: left;\">Durabilit\u00e9<\/h2>\n<p>[\/vc_column_text][vc_separator type=\u00a0\u00bbsmall\u00a0\u00bb position=\u00a0\u00bbleft\u00a0\u00bb][\/vc_column_inner][\/vc_row_inner][vc_row_inner row_type=\u00a0\u00bbrow\u00a0\u00bb type=\u00a0\u00bbgrid\u00a0\u00bb text_align=\u00a0\u00bbleft\u00a0\u00bb css_animation=\u00a0\u00bb\u00a0\u00bb el_class=\u00a0\u00bbsectionTable align-top\u00a0\u00bb][vc_column_inner width=\u00a0\u00bb1\/2&Prime;][vc_single_image image=\u00a0\u00bb12280&Prime; img_size=\u00a0\u00bbfull\u00a0\u00bb qode_css_animation=\u00a0\u00bb\u00a0\u00bb][\/vc_column_inner][vc_column_inner width=\u00a0\u00bb1\/2&Prime;][vc_column_text]Notre organisation gr\u00e2ce \u00e0 son activit\u00e9, contribue \u00e0 prendre soin de l&rsquo;environnement, \u00e0 r\u00e9duire les \u00e9missions de CO\u2082 et, par cons\u00e9quent, \u00e0 combattre activement le changement climatique.<\/p>\n<p>Toujours \u00e0 la recherche d&rsquo;une croissance durable de nos activit\u00e9s, nous concentrons nos efforts sur l&rsquo;am\u00e9lioration constante de notre performance environnemental par la r\u00e9alisation des objectifs de notre politique int\u00e9gr\u00e9e, parmi lesquels se distinguent les suivants:<\/p>\n<ul>\n<li>Formation environnementale pour tous nos collaborateurs.<\/li>\n<li>R\u00e9duction au minimum l&rsquo;impact environnemental de la construction des centrales photovolta\u00efques.<\/li>\n<li>Contribution \u00e0 la d\u00e9carbonisation (*).<\/li>\n<\/ul>\n<p>[\/vc_column_text][vc_separator type=\u00a0\u00bbtransparent\u00a0\u00bb thickness=\u00a0\u00bb0&Prime; up=\u00a0\u00bb35&Prime; down=\u00a0\u00bb0&Prime;][vc_column_text]<\/p>\n<div class=\"wpb_text_column wpb_content_element \">\n<div class=\"wpb_wrapper\">\n<p><strong>639 GWh Energie propre produite<\/strong><\/p>\n<p><strong>510.000 Tn CO\u2082 \u00e9vit\u00e9<\/strong><\/p>\n<p><strong>195.000 habitations aliment\u00e9es par l\u2019\u00e9nergie renouvelable<\/strong><\/p>\n<\/div>\n<\/div>\n<p><em><br \/>\n(*) Donn\u00e9es mises \u00e0 jour en septembre 2025<\/em>[\/vc_column_text][\/vc_column_inner][\/vc_row_inner][\/vc_column][\/vc_row]<\/p>\n<\/div>","protected":false},"excerpt":{"rendered":"<p>[vc_row css_animation=\u00a0\u00bb\u00a0\u00bb row_type=\u00a0\u00bbrow\u00a0\u00bb use_row_as_full_screen_section=\u00a0\u00bbno\u00a0\u00bb type=\u00a0\u00bbgrid\u00a0\u00bb angled_section=\u00a0\u00bbno\u00a0\u00bb text_align=\u00a0\u00bbleft\u00a0\u00bb background_image_as_pattern=\u00a0\u00bbwithout_pattern\u00a0\u00bb el_class=\u00a0\u00bbmod_block\u00a0\u00bb][vc_column][vc_column_text] Qui Sommes-nous [\/vc_column_text][vc_separator type=\u00a0\u00bbsmall\u00a0\u00bb position=\u00a0\u00bbleft\u00a0\u00bb][vc_row_inner row_type=\u00a0\u00bbrow\u00a0\u00bb type=\u00a0\u00bbgrid\u00a0\u00bb text_align=\u00a0\u00bbleft\u00a0\u00bb css_animation=\u00a0\u00bb\u00a0\u00bb el_class=\u00a0\u00bbsectionTable\u00a0\u00bb][vc_column_inner el_class=\u00a0\u00bbsectionTable\u00a0\u00bb width=\u00a0\u00bb1\/2&Prime;][vc_column_text]\u00abnous avons une histoire, nous sommes le pr\u00e9sent, nous cr\u00e9ons le futur\u00bb[\/vc_column_text][vc_separator type=\u00a0\u00bbtransparent\u00a0\u00bb thickness=\u00a0\u00bb0&Prime; up=\u00a0\u00bb33&Prime; down=\u00a0\u00bb0&Prime;][vc_column_text] Grupo Zaragoz\u00e1 est un groupe qui a cr\u00fb et&#8230;<\/p>\n","protected":false},"author":4,"featured_media":0,"parent":0,"menu_order":0,"comment_status":"closed","ping_status":"closed","template":"full_width.php","meta":{"_acf_changed":false,"footnotes":""},"class_list":["post-2386","page","type-page","status-publish","hentry"],"acf":[],"yoast_head":"<!-- This site is optimized with the Yoast SEO plugin v26.8 - https:\/\/yoast.com\/product\/yoast-seo-wordpress\/ -->\n<title>Grupo Zaragoz\u00e1 - GRUPO ZARAGOZ\u00c1<\/title>\n<meta name=\"description\" content=\"Desarrollo, Construcci\u00f3n (EPC) y Mantenimiento (O&amp;M) de Plantas Fotovoltaicas En Espa\u00f1a, Italia, Grecia e Inglaterra.\" \/>\n<meta name=\"robots\" content=\"index, follow, max-snippet:-1, max-image-preview:large, max-video-preview:-1\" \/>\n<link rel=\"canonical\" href=\"https:\/\/www.grupozaragoza.com\/fr\/grupo-zaragoza\/\" \/>\n<meta property=\"og:locale\" content=\"fr_FR\" \/>\n<meta property=\"og:type\" content=\"article\" \/>\n<meta property=\"og:title\" content=\"Grupo Zaragoz\u00e1 - GRUPO ZARAGOZ\u00c1\" \/>\n<meta property=\"og:description\" content=\"Desarrollo, Construcci\u00f3n (EPC) y Mantenimiento (O&amp;M) de Plantas Fotovoltaicas En Espa\u00f1a, Italia, Grecia e Inglaterra.\" \/>\n<meta property=\"og:url\" content=\"https:\/\/www.grupozaragoza.com\/fr\/grupo-zaragoza\/\" \/>\n<meta property=\"og:site_name\" content=\"GRUPO ZARAGOZ\u00c1\" \/>\n<meta property=\"article:modified_time\" content=\"2025-09-03T08:20:50+00:00\" \/>\n<meta name=\"twitter:card\" content=\"summary_large_image\" \/>\n<meta name=\"twitter:label1\" content=\"Dur\u00e9e de lecture estim\u00e9e\" \/>\n\t<meta name=\"twitter:data1\" content=\"3 minutes\" \/>\n<script type=\"application\/ld+json\" class=\"yoast-schema-graph\">{\"@context\":\"https:\/\/schema.org\",\"@graph\":[{\"@type\":\"WebPage\",\"@id\":\"https:\/\/www.grupozaragoza.com\/fr\/grupo-zaragoza\/\",\"url\":\"https:\/\/www.grupozaragoza.com\/fr\/grupo-zaragoza\/\",\"name\":\"Grupo Zaragoz\u00e1 - GRUPO ZARAGOZ\u00c1\",\"isPartOf\":{\"@id\":\"https:\/\/www.grupozaragoza.com\/#website\"},\"datePublished\":\"2016-02-19T12:16:25+00:00\",\"dateModified\":\"2025-09-03T08:20:50+00:00\",\"description\":\"Desarrollo, Construcci\u00f3n (EPC) y Mantenimiento (O&M) de Plantas Fotovoltaicas En Espa\u00f1a, Italia, Grecia e Inglaterra.\",\"breadcrumb\":{\"@id\":\"https:\/\/www.grupozaragoza.com\/fr\/grupo-zaragoza\/#breadcrumb\"},\"inLanguage\":\"fr-FR\",\"potentialAction\":[{\"@type\":\"ReadAction\",\"target\":[\"https:\/\/www.grupozaragoza.com\/fr\/grupo-zaragoza\/\"]}]},{\"@type\":\"BreadcrumbList\",\"@id\":\"https:\/\/www.grupozaragoza.com\/fr\/grupo-zaragoza\/#breadcrumb\",\"itemListElement\":[{\"@type\":\"ListItem\",\"position\":1,\"name\":\"Portada\",\"item\":\"https:\/\/www.grupozaragoza.com\/fr\/\"},{\"@type\":\"ListItem\",\"position\":2,\"name\":\"Grupo Zaragoz\u00e1\"}]},{\"@type\":\"WebSite\",\"@id\":\"https:\/\/www.grupozaragoza.com\/#website\",\"url\":\"https:\/\/www.grupozaragoza.com\/\",\"name\":\"GRUPO ZARAGOZ\u00c1\",\"description\":\"Ingenieria &amp; Arquitectura Creativa\",\"publisher\":{\"@id\":\"https:\/\/www.grupozaragoza.com\/#organization\"},\"potentialAction\":[{\"@type\":\"SearchAction\",\"target\":{\"@type\":\"EntryPoint\",\"urlTemplate\":\"https:\/\/www.grupozaragoza.com\/?s={search_term_string}\"},\"query-input\":{\"@type\":\"PropertyValueSpecification\",\"valueRequired\":true,\"valueName\":\"search_term_string\"}}],\"inLanguage\":\"fr-FR\"},{\"@type\":\"Organization\",\"@id\":\"https:\/\/www.grupozaragoza.com\/#organization\",\"name\":\"GRUPO ZARAGOZ\u00c1\",\"url\":\"https:\/\/www.grupozaragoza.com\/\",\"logo\":{\"@type\":\"ImageObject\",\"inLanguage\":\"fr-FR\",\"@id\":\"https:\/\/www.grupozaragoza.com\/#\/schema\/logo\/image\/\",\"url\":\"https:\/\/www.grupozaragoza.com\/wp-content\/uploads\/2017\/08\/logo_zaragoza.png\",\"contentUrl\":\"https:\/\/www.grupozaragoza.com\/wp-content\/uploads\/2017\/08\/logo_zaragoza.png\",\"width\":676,\"height\":180,\"caption\":\"GRUPO ZARAGOZ\u00c1\"},\"image\":{\"@id\":\"https:\/\/www.grupozaragoza.com\/#\/schema\/logo\/image\/\"},\"sameAs\":[\"https:\/\/www.linkedin.com\/company\/grupozaragoza\/\",\"https:\/\/www.instagram.com\/grupozaragoza_com\/\"]}]}<\/script>\n<!-- \/ Yoast SEO plugin. -->","yoast_head_json":{"title":"Grupo Zaragoz\u00e1 - GRUPO ZARAGOZ\u00c1","description":"Desarrollo, Construcci\u00f3n (EPC) y Mantenimiento (O&M) de Plantas Fotovoltaicas En Espa\u00f1a, Italia, Grecia e Inglaterra.","robots":{"index":"index","follow":"follow","max-snippet":"max-snippet:-1","max-image-preview":"max-image-preview:large","max-video-preview":"max-video-preview:-1"},"canonical":"https:\/\/www.grupozaragoza.com\/fr\/grupo-zaragoza\/","og_locale":"fr_FR","og_type":"article","og_title":"Grupo Zaragoz\u00e1 - GRUPO ZARAGOZ\u00c1","og_description":"Desarrollo, Construcci\u00f3n (EPC) y Mantenimiento (O&M) de Plantas Fotovoltaicas En Espa\u00f1a, Italia, Grecia e Inglaterra.","og_url":"https:\/\/www.grupozaragoza.com\/fr\/grupo-zaragoza\/","og_site_name":"GRUPO ZARAGOZ\u00c1","article_modified_time":"2025-09-03T08:20:50+00:00","twitter_card":"summary_large_image","twitter_misc":{"Dur\u00e9e de lecture estim\u00e9e":"3 minutes"},"schema":{"@context":"https:\/\/schema.org","@graph":[{"@type":"WebPage","@id":"https:\/\/www.grupozaragoza.com\/fr\/grupo-zaragoza\/","url":"https:\/\/www.grupozaragoza.com\/fr\/grupo-zaragoza\/","name":"Grupo Zaragoz\u00e1 - GRUPO ZARAGOZ\u00c1","isPartOf":{"@id":"https:\/\/www.grupozaragoza.com\/#website"},"datePublished":"2016-02-19T12:16:25+00:00","dateModified":"2025-09-03T08:20:50+00:00","description":"Desarrollo, Construcci\u00f3n (EPC) y Mantenimiento (O&M) de Plantas Fotovoltaicas En Espa\u00f1a, Italia, Grecia e Inglaterra.","breadcrumb":{"@id":"https:\/\/www.grupozaragoza.com\/fr\/grupo-zaragoza\/#breadcrumb"},"inLanguage":"fr-FR","potentialAction":[{"@type":"ReadAction","target":["https:\/\/www.grupozaragoza.com\/fr\/grupo-zaragoza\/"]}]},{"@type":"BreadcrumbList","@id":"https:\/\/www.grupozaragoza.com\/fr\/grupo-zaragoza\/#breadcrumb","itemListElement":[{"@type":"ListItem","position":1,"name":"Portada","item":"https:\/\/www.grupozaragoza.com\/fr\/"},{"@type":"ListItem","position":2,"name":"Grupo Zaragoz\u00e1"}]},{"@type":"WebSite","@id":"https:\/\/www.grupozaragoza.com\/#website","url":"https:\/\/www.grupozaragoza.com\/","name":"GRUPO ZARAGOZ\u00c1","description":"Ingenieria &amp; Arquitectura Creativa","publisher":{"@id":"https:\/\/www.grupozaragoza.com\/#organization"},"potentialAction":[{"@type":"SearchAction","target":{"@type":"EntryPoint","urlTemplate":"https:\/\/www.grupozaragoza.com\/?s={search_term_string}"},"query-input":{"@type":"PropertyValueSpecification","valueRequired":true,"valueName":"search_term_string"}}],"inLanguage":"fr-FR"},{"@type":"Organization","@id":"https:\/\/www.grupozaragoza.com\/#organization","name":"GRUPO ZARAGOZ\u00c1","url":"https:\/\/www.grupozaragoza.com\/","logo":{"@type":"ImageObject","inLanguage":"fr-FR","@id":"https:\/\/www.grupozaragoza.com\/#\/schema\/logo\/image\/","url":"https:\/\/www.grupozaragoza.com\/wp-content\/uploads\/2017\/08\/logo_zaragoza.png","contentUrl":"https:\/\/www.grupozaragoza.com\/wp-content\/uploads\/2017\/08\/logo_zaragoza.png","width":676,"height":180,"caption":"GRUPO ZARAGOZ\u00c1"},"image":{"@id":"https:\/\/www.grupozaragoza.com\/#\/schema\/logo\/image\/"},"sameAs":["https:\/\/www.linkedin.com\/company\/grupozaragoza\/","https:\/\/www.instagram.com\/grupozaragoza_com\/"]}]}},"_links":{"self":[{"href":"https:\/\/www.grupozaragoza.com\/fr\/wp-json\/wp\/v2\/pages\/2386","targetHints":{"allow":["GET"]}}],"collection":[{"href":"https:\/\/www.grupozaragoza.com\/fr\/wp-json\/wp\/v2\/pages"}],"about":[{"href":"https:\/\/www.grupozaragoza.com\/fr\/wp-json\/wp\/v2\/types\/page"}],"author":[{"embeddable":true,"href":"https:\/\/www.grupozaragoza.com\/fr\/wp-json\/wp\/v2\/users\/4"}],"replies":[{"embeddable":true,"href":"https:\/\/www.grupozaragoza.com\/fr\/wp-json\/wp\/v2\/comments?post=2386"}],"version-history":[{"count":22,"href":"https:\/\/www.grupozaragoza.com\/fr\/wp-json\/wp\/v2\/pages\/2386\/revisions"}],"predecessor-version":[{"id":12284,"href":"https:\/\/www.grupozaragoza.com\/fr\/wp-json\/wp\/v2\/pages\/2386\/revisions\/12284"}],"wp:attachment":[{"href":"https:\/\/www.grupozaragoza.com\/fr\/wp-json\/wp\/v2\/media?parent=2386"}],"curies":[{"name":"wp","href":"https:\/\/api.w.org\/{rel}","templated":true}]}}